{"id":350510,"date":"2024-03-01T22:45:33","date_gmt":"2024-03-01T21:45:33","guid":{"rendered":"https:\/\/gajostest.a2hosted.com\/eshop\/3m-solus-ccs-kn\/"},"modified":"2026-04-19T07:12:51","modified_gmt":"2026-04-19T05:12:51","slug":"3m-solus-ccs-kn","status":"publish","type":"product","link":"https:\/\/gajos.sk\/eshop\/p\/3m-solus-ccs-kn\/","title":{"rendered":"3M SOLUS CCS KN"},"content":{"rendered":"","protected":false},"excerpt":{"rendered":"<p>Solus\u2122 Ochrann\u00e9 okuliare radu CCS, s\u00fa ochrann\u00e9 okuliare bez obr\u00fa\u010dok vybaven\u00e9 svetlo zelen\u00fdmi bo\u010dnicami a syst\u00e9mom uchytenia (CCS) na prichytenie \u0161n\u00farok s chr\u00e1ni\u010dmi sluchu. \u010c\u00edry polykarbon\u00e1tov\u00fd zorn\u00edk je vybaven\u00fd vrstvou Scotchgard\u2122 proti zahmlievaniu a po\u0161kriabaniu na oboch stran\u00e1ch pre vy\u0161\u0161iu odolnos\u0165 a lep\u0161ie videnie.<\/p>\n","protected":false},"featured_media":350512,"template":"","meta":{"_acf_changed":false,"inline_featured_image":false},"product_brand":[],"product_cat":[2130,2129,2128],"product_tag":[1275],"class_list":{"0":"post-350510","1":"product","2":"type-product","3":"status-publish","4":"has-post-thumbnail","6":"product_cat-okuliare","7":"product_cat-ochrana-oci","8":"product_cat-ochranne-pomocky","9":"product_tag-3m","10":"pa_farba-siva","11":"pa_farba-cira","13":"first","14":"instock","15":"taxable","16":"shipping-taxable","17":"purchasable","18":"product-type-variable"},"acf":[],"_links":{"self":[{"href":"https:\/\/gajos.sk\/eshop\/wp-json\/wp\/v2\/product\/350510","targetHints":{"allow":["GET"]}}],"collection":[{"href":"https:\/\/gajos.sk\/eshop\/wp-json\/wp\/v2\/product"}],"about":[{"href":"https:\/\/gajos.sk\/eshop\/wp-json\/wp\/v2\/types\/product"}],"wp:featuredmedia":[{"embeddable":true,"href":"https:\/\/gajos.sk\/eshop\/wp-json\/wp\/v2\/media\/350512"}],"wp:attachment":[{"href":"https:\/\/gajos.sk\/eshop\/wp-json\/wp\/v2\/media?parent=350510"}],"wp:term":[{"taxonomy":"product_brand","embeddable":true,"href":"https:\/\/gajos.sk\/eshop\/wp-json\/wp\/v2\/product_brand?post=350510"},{"taxonomy":"product_cat","embeddable":true,"href":"https:\/\/gajos.sk\/eshop\/wp-json\/wp\/v2\/product_cat?post=350510"},{"taxonomy":"product_tag","embeddable":true,"href":"https:\/\/gajos.sk\/eshop\/wp-json\/wp\/v2\/product_tag?post=350510"}],"curies":[{"name":"wp","href":"https:\/\/api.w.org\/{rel}","templated":true}]}}