{"id":350507,"date":"2024-03-01T22:45:33","date_gmt":"2024-03-01T21:45:33","guid":{"rendered":"https:\/\/gajostest.a2hosted.com\/eshop\/jsp-rigi-okuliare-asaf-i-o\/"},"modified":"2026-04-20T00:54:38","modified_gmt":"2026-04-19T22:54:38","slug":"jsp-rigi-okuliare-asaf-i-o","status":"publish","type":"product","link":"https:\/\/gajos.sk\/eshop\/p\/jsp-rigi-okuliare-asaf-i-o\/","title":{"rendered":"JSP RIGI okuliare AS,AF, I\/O"},"content":{"rendered":"","protected":false},"excerpt":{"rendered":"<p>bez oh\u013eadu na to v akom prostred\u00ed pracujete, ochrann\u00e9 okuliare Rigi \u2122 predstavuj\u00fa dokonal\u00e9 spojenie v\u00fdkonu, bezpe\u010dnosti a akt\u00edvneho \u0161t\u00fdlu; ve\u013emi \u013eahk\u00e1 kon\u0161trukcia (len 19g) s n\u00edzkym profilom; unik\u00e1tny design sa prisp\u00f4sob\u00ed \u0161irokej rade tv\u00e1ri mu\u017eov aj \u017eien; tenk\u00e9 a ploch\u00e9 ergonomick\u00e9 postranice Flexofit \u2122 s\u00fa kompatibiln\u00e9 s ak\u00fdmko\u013evek chr\u00e1ni\u010dom sluchu alebo prilbou<\/p>\n","protected":false},"featured_media":350509,"template":"","meta":{"_acf_changed":false,"inline_featured_image":false},"product_brand":[],"product_cat":[2130,2129,2128],"product_tag":[1209],"class_list":{"0":"post-350507","1":"product","2":"type-product","3":"status-publish","4":"has-post-thumbnail","6":"product_cat-okuliare","7":"product_cat-ochrana-oci","8":"product_cat-ochranne-pomocky","9":"product_tag-jsp","10":"pa_farba-cira","12":"first","13":"instock","14":"taxable","15":"shipping-taxable","16":"purchasable","17":"product-type-variable"},"acf":[],"_links":{"self":[{"href":"https:\/\/gajos.sk\/eshop\/wp-json\/wp\/v2\/product\/350507","targetHints":{"allow":["GET"]}}],"collection":[{"href":"https:\/\/gajos.sk\/eshop\/wp-json\/wp\/v2\/product"}],"about":[{"href":"https:\/\/gajos.sk\/eshop\/wp-json\/wp\/v2\/types\/product"}],"wp:featuredmedia":[{"embeddable":true,"href":"https:\/\/gajos.sk\/eshop\/wp-json\/wp\/v2\/media\/350509"}],"wp:attachment":[{"href":"https:\/\/gajos.sk\/eshop\/wp-json\/wp\/v2\/media?parent=350507"}],"wp:term":[{"taxonomy":"product_brand","embeddable":true,"href":"https:\/\/gajos.sk\/eshop\/wp-json\/wp\/v2\/product_brand?post=350507"},{"taxonomy":"product_cat","embeddable":true,"href":"https:\/\/gajos.sk\/eshop\/wp-json\/wp\/v2\/product_cat?post=350507"},{"taxonomy":"product_tag","embeddable":true,"href":"https:\/\/gajos.sk\/eshop\/wp-json\/wp\/v2\/product_tag?post=350507"}],"curies":[{"name":"wp","href":"https:\/\/api.w.org\/{rel}","templated":true}]}}