{"id":350499,"date":"2024-03-01T22:45:26","date_gmt":"2024-03-01T21:45:26","guid":{"rendered":"https:\/\/gajostest.a2hosted.com\/eshop\/3m-securefit-sf3700\/"},"modified":"2026-04-19T07:12:51","modified_gmt":"2026-04-19T05:12:51","slug":"3m-securefit-sf3700","status":"publish","type":"product","link":"https:\/\/gajos.sk\/eshop\/p\/3m-securefit-sf3700\/","title":{"rendered":"3M SecureFit SF3700"},"content":{"rendered":"","protected":false},"excerpt":{"rendered":"<p>\u201eViacpolohov\u00e1 z\u00e1padka umo\u017e\u0148uje u\u017e\u00edvate\u013eovi nastavi\u0165 zorn\u00edk pod\u013ea rysov tv\u00e1re a umiestnenia okuliarov.Tieto zorn\u00edky s\u00fa vhodn\u00e9 aj na dlhodob\u00e9 pou\u017e\u00edvanie, preto\u017ee vysoko kvalitn\u00fd recyklovate\u013en\u00fd polykarbon\u00e1t absorbuje a\u017e 99,9 % \u017eiarenia UVA a UVB.&#8220;<\/p>\n","protected":false},"featured_media":350501,"template":"","meta":{"_acf_changed":false,"inline_featured_image":false},"product_brand":[],"product_cat":[2130,2129,2128],"product_tag":[1275],"class_list":{"0":"post-350499","1":"product","2":"type-product","3":"status-publish","4":"has-post-thumbnail","6":"product_cat-okuliare","7":"product_cat-ochrana-oci","8":"product_cat-ochranne-pomocky","9":"product_tag-3m","10":"pa_farba-cira","11":"pa_farba-dymova","12":"pa_velkost-zeleny-ram","13":"pa_velkost-modry-ram","15":"first","16":"instock","17":"taxable","18":"shipping-taxable","19":"purchasable","20":"product-type-variable"},"acf":[],"_links":{"self":[{"href":"https:\/\/gajos.sk\/eshop\/wp-json\/wp\/v2\/product\/350499","targetHints":{"allow":["GET"]}}],"collection":[{"href":"https:\/\/gajos.sk\/eshop\/wp-json\/wp\/v2\/product"}],"about":[{"href":"https:\/\/gajos.sk\/eshop\/wp-json\/wp\/v2\/types\/product"}],"wp:featuredmedia":[{"embeddable":true,"href":"https:\/\/gajos.sk\/eshop\/wp-json\/wp\/v2\/media\/350501"}],"wp:attachment":[{"href":"https:\/\/gajos.sk\/eshop\/wp-json\/wp\/v2\/media?parent=350499"}],"wp:term":[{"taxonomy":"product_brand","embeddable":true,"href":"https:\/\/gajos.sk\/eshop\/wp-json\/wp\/v2\/product_brand?post=350499"},{"taxonomy":"product_cat","embeddable":true,"href":"https:\/\/gajos.sk\/eshop\/wp-json\/wp\/v2\/product_cat?post=350499"},{"taxonomy":"product_tag","embeddable":true,"href":"https:\/\/gajos.sk\/eshop\/wp-json\/wp\/v2\/product_tag?post=350499"}],"curies":[{"name":"wp","href":"https:\/\/api.w.org\/{rel}","templated":true}]}}