{"id":350496,"date":"2024-03-01T22:45:26","date_gmt":"2024-03-01T21:45:26","guid":{"rendered":"https:\/\/gajostest.a2hosted.com\/eshop\/swiss-one-onex-okuliare-as-an\/"},"modified":"2026-04-20T00:54:38","modified_gmt":"2026-04-19T22:54:38","slug":"swiss-one-onex-okuliare-as-an","status":"publish","type":"product","link":"https:\/\/gajos.sk\/eshop\/p\/swiss-one-onex-okuliare-as-an\/","title":{"rendered":"Swiss One ONEX okuliare AS, AN"},"content":{"rendered":"","protected":false},"excerpt":{"rendered":"<p>Nov\u00e9 okuliare Onex kombinuj\u00fa inovat\u00edvnu technol\u00f3giu a jedine\u010dn\u00e9 prisp\u00f4sobenie sa tvaru tv\u00e1re. Nastavite\u013en\u00fd nosn\u00fd most\u00edk s technol\u00f3giou Flexofit &#8211; pomocou 3 kliknut\u00ed nastav\u00edte polohu pre v\u0161etky \u0161\u00edrky nosa. Jeden z naj\u013eah\u0161\u00edch typov okuliarov s hmotnos\u0165ou 23 g. Integrovan\u00fd ochrann\u00fd kryt nadobo\u010d\u00ed zvy\u0161uje pohodlie .M\u00e4kk\u00e9 a nek\u013azav\u00e9 pantoskopick\u00e9 bo\u010dnice zlep\u0161uj\u00fa pri\u013enavos\u0165.<\/p>\n<p>\uf0a7 \u0160irok\u00fd zorn\u00edk<br \/>\n\uf0a7 Optim\u00e1lne krytie zraku<br \/>\n\uf0a7 Hmotnos\u0165 iba 23g<br \/>\n\uf0a7 Excelentn\u00e1 \u00faprava zorn\u00edka \u2013 proti po\u0161kriabaniu a zahmleniu \u201eK,N\u201c<\/p>\n","protected":false},"featured_media":350498,"template":"","meta":{"_acf_changed":false,"inline_featured_image":false},"product_brand":[],"product_cat":[2130,2129,2128],"product_tag":[1209],"class_list":{"0":"post-350496","1":"product","2":"type-product","3":"status-publish","4":"has-post-thumbnail","6":"product_cat-okuliare","7":"product_cat-ochrana-oci","8":"product_cat-ochranne-pomocky","9":"product_tag-jsp","10":"pa_farba-cira","11":"pa_velkost-zelena-cierna-ram","13":"first","14":"instock","15":"taxable","16":"shipping-taxable","17":"purchasable","18":"product-type-variable"},"acf":[],"_links":{"self":[{"href":"https:\/\/gajos.sk\/eshop\/wp-json\/wp\/v2\/product\/350496","targetHints":{"allow":["GET"]}}],"collection":[{"href":"https:\/\/gajos.sk\/eshop\/wp-json\/wp\/v2\/product"}],"about":[{"href":"https:\/\/gajos.sk\/eshop\/wp-json\/wp\/v2\/types\/product"}],"wp:featuredmedia":[{"embeddable":true,"href":"https:\/\/gajos.sk\/eshop\/wp-json\/wp\/v2\/media\/350498"}],"wp:attachment":[{"href":"https:\/\/gajos.sk\/eshop\/wp-json\/wp\/v2\/media?parent=350496"}],"wp:term":[{"taxonomy":"product_brand","embeddable":true,"href":"https:\/\/gajos.sk\/eshop\/wp-json\/wp\/v2\/product_brand?post=350496"},{"taxonomy":"product_cat","embeddable":true,"href":"https:\/\/gajos.sk\/eshop\/wp-json\/wp\/v2\/product_cat?post=350496"},{"taxonomy":"product_tag","embeddable":true,"href":"https:\/\/gajos.sk\/eshop\/wp-json\/wp\/v2\/product_tag?post=350496"}],"curies":[{"name":"wp","href":"https:\/\/api.w.org\/{rel}","templated":true}]}}