{"id":350484,"date":"2024-03-01T22:45:19","date_gmt":"2024-03-01T21:45:19","guid":{"rendered":"https:\/\/gajostest.a2hosted.com\/eshop\/swiss-one-continental-okuliare\/"},"modified":"2026-04-30T22:07:06","modified_gmt":"2026-04-30T20:07:06","slug":"swiss-one-continental-okuliare","status":"publish","type":"product","link":"https:\/\/gajos.sk\/eshop\/p\/swiss-one-continental-okuliare\/","title":{"rendered":"Swiss One Continental okuliare"},"content":{"rendered":"","protected":false},"excerpt":{"rendered":"<p>Ochrann\u00e9 \u2122 okuliare Continental maj\u00fa proti\u0161mykov\u00fd nosov\u00fd most\u00edk a proti\u0161mykov\u00e9 bo\u010dnice, ktor\u00e9 poskytuj\u00fa optim\u00e1lny komfort pre celodenn\u00e9 nosenie. Ochrann\u00e9 okuliare Continental maj\u00fa \u0161irok\u00fd priezor a ve\u013emi n\u00edzku hmotnos\u0165. S\u00fa k dispoz\u00edcii s priezorom, gradientom s ochranou proti agres\u00edvnemu umel\u00e9mu svetlu a modr\u00fdm blok\u00e1torom s ochranou proti modr\u00e9mu svetlu.<\/p>\n<p>\uf0a7 \u0160irok\u00fd priezor<br \/>\n\uf0a7 Bo\u010dn\u00fd obv\u00e4z<br \/>\n\uf0a7 Hmotnos\u0165 len 22g<br \/>\n\uf0a7 proti\u0161mykov\u00e9 strany<\/p>\n","protected":false},"featured_media":350486,"template":"","meta":{"_acf_changed":false,"inline_featured_image":false},"product_brand":[],"product_cat":[2130,2129,2128],"product_tag":[1209],"class_list":{"0":"post-350484","1":"product","2":"type-product","3":"status-publish","4":"has-post-thumbnail","6":"product_cat-okuliare","7":"product_cat-ochrana-oci","8":"product_cat-ochranne-pomocky","9":"product_tag-jsp","10":"pa_farba-cira","11":"pa_farba-zrk-siva","12":"pa_farba-brondzova","13":"pa_farba-dymova","14":"pa_velkost-blb","16":"first","17":"instock","18":"taxable","19":"shipping-taxable","20":"purchasable","21":"product-type-variable"},"acf":[],"_links":{"self":[{"href":"https:\/\/gajos.sk\/eshop\/wp-json\/wp\/v2\/product\/350484","targetHints":{"allow":["GET"]}}],"collection":[{"href":"https:\/\/gajos.sk\/eshop\/wp-json\/wp\/v2\/product"}],"about":[{"href":"https:\/\/gajos.sk\/eshop\/wp-json\/wp\/v2\/types\/product"}],"wp:featuredmedia":[{"embeddable":true,"href":"https:\/\/gajos.sk\/eshop\/wp-json\/wp\/v2\/media\/350486"}],"wp:attachment":[{"href":"https:\/\/gajos.sk\/eshop\/wp-json\/wp\/v2\/media?parent=350484"}],"wp:term":[{"taxonomy":"product_brand","embeddable":true,"href":"https:\/\/gajos.sk\/eshop\/wp-json\/wp\/v2\/product_brand?post=350484"},{"taxonomy":"product_cat","embeddable":true,"href":"https:\/\/gajos.sk\/eshop\/wp-json\/wp\/v2\/product_cat?post=350484"},{"taxonomy":"product_tag","embeddable":true,"href":"https:\/\/gajos.sk\/eshop\/wp-json\/wp\/v2\/product_tag?post=350484"}],"curies":[{"name":"wp","href":"https:\/\/api.w.org\/{rel}","templated":true}]}}