{"id":350469,"date":"2024-03-01T22:45:11","date_gmt":"2024-03-01T21:45:11","guid":{"rendered":"https:\/\/gajostest.a2hosted.com\/eshop\/jsp-dustfree-okuliare-asaf\/"},"modified":"2026-04-20T00:54:38","modified_gmt":"2026-04-19T22:54:38","slug":"jsp-dustfree-okuliare-asaf","status":"publish","type":"product","link":"https:\/\/gajos.sk\/eshop\/p\/jsp-dustfree-okuliare-asaf\/","title":{"rendered":"JSP DUSTFREE okuliare AS,AF"},"content":{"rendered":"","protected":false},"excerpt":{"rendered":"<p>Dustfree\u2122 je \u0159e\u0161en\u00ed bezpe\u010dnostn\u00edch br\u00fdl\u00ed 3 v 1. Kombinace p\u011bnov\u00e9 vlo\u017eky s m\u011bkk\u00fdm chr\u00e1ni\u010dem obo\u010d\u00ed, nastaviteln\u00fdm popruhem a velk\u00fdm zorn\u00fdm polem \u010din\u00ed Dustfree pohodln\u00fdm \u0159e\u0161en\u00edm va\u0161ich ochrann\u00fdch pot\u0159eb.<\/p>\n<p>Vlastnosti a v\u00fdhody<\/p>\n<p>     Velk\u00e9 zorn\u00e9 pole<br \/>\n     M\u011bkk\u00fd chr\u00e1ni\u010d obo\u010d\u00ed<br \/>\n     Nastaviteln\u00fd popruh<br \/>\nProti po\u0161kr\u00e1b\u00e1n\u00ed \/ proti zaml\u017een\u00ed<br \/>\n     Ozna\u010den\u00ed zorn\u00edku: 2C-1.2 1FT CE<br \/>\n     Hmotnost 34g<\/p>\n","protected":false},"featured_media":350471,"template":"","meta":{"_acf_changed":false,"inline_featured_image":false},"product_brand":[],"product_cat":[2130,2129,2128],"product_tag":[1209],"class_list":{"0":"post-350469","1":"product","2":"type-product","3":"status-publish","4":"has-post-thumbnail","6":"product_cat-okuliare","7":"product_cat-ochrana-oci","8":"product_cat-ochranne-pomocky","9":"product_tag-jsp","10":"pa_farba-cira","12":"first","13":"instock","14":"taxable","15":"shipping-taxable","16":"product-type-variable"},"acf":[],"_links":{"self":[{"href":"https:\/\/gajos.sk\/eshop\/wp-json\/wp\/v2\/product\/350469","targetHints":{"allow":["GET"]}}],"collection":[{"href":"https:\/\/gajos.sk\/eshop\/wp-json\/wp\/v2\/product"}],"about":[{"href":"https:\/\/gajos.sk\/eshop\/wp-json\/wp\/v2\/types\/product"}],"wp:featuredmedia":[{"embeddable":true,"href":"https:\/\/gajos.sk\/eshop\/wp-json\/wp\/v2\/media\/350471"}],"wp:attachment":[{"href":"https:\/\/gajos.sk\/eshop\/wp-json\/wp\/v2\/media?parent=350469"}],"wp:term":[{"taxonomy":"product_brand","embeddable":true,"href":"https:\/\/gajos.sk\/eshop\/wp-json\/wp\/v2\/product_brand?post=350469"},{"taxonomy":"product_cat","embeddable":true,"href":"https:\/\/gajos.sk\/eshop\/wp-json\/wp\/v2\/product_cat?post=350469"},{"taxonomy":"product_tag","embeddable":true,"href":"https:\/\/gajos.sk\/eshop\/wp-json\/wp\/v2\/product_tag?post=350469"}],"curies":[{"name":"wp","href":"https:\/\/api.w.org\/{rel}","templated":true}]}}