{"id":350452,"date":"2024-03-01T22:43:59","date_gmt":"2024-03-01T21:43:59","guid":{"rendered":"https:\/\/gajostest.a2hosted.com\/eshop\/sw-scheur-i-903-okuliare-as\/"},"modified":"2026-04-18T01:56:40","modified_gmt":"2026-04-17T23:56:40","slug":"sw-scheur-i-903-okuliare-as","status":"publish","type":"product","link":"https:\/\/gajos.sk\/eshop\/p\/sw-scheur-i-903-okuliare-as\/","title":{"rendered":"SW SCHEUR I-903 Okuliare AS"},"content":{"rendered":"","protected":false},"excerpt":{"rendered":"<p>Sportovn\u00ed ochrann\u00e9 br\u00fdle vyroben\u00e9 z polymeru. * T\u0159\u00edda ochrany 1F podle EN166. Zorn\u00edk s ochranou proti po\u0161kr\u00e1b\u00e1n\u00ed a v\u00fdpar\u016fm. * Chr\u00e1n\u00ed p\u0159ed \u010d\u00e1sticemi s n\u00edzkou rychlost\u00ed. * Nastaviteln\u00e1 d\u00e9lka strani\u010dek<\/p>\n","protected":false},"featured_media":350454,"template":"","meta":{"_acf_changed":false,"inline_featured_image":false},"product_brand":[],"product_cat":[2130,2129,2128],"product_tag":[1274],"class_list":{"0":"post-350452","1":"product","2":"type-product","3":"status-publish","4":"has-post-thumbnail","6":"product_cat-okuliare","7":"product_cat-ochrana-oci","8":"product_cat-ochranne-pomocky","9":"product_tag-safeworker","10":"pa_farba-dymova","11":"pa_farba-zlta","12":"pa_farba-cira","14":"first","15":"instock","16":"taxable","17":"shipping-taxable","18":"purchasable","19":"product-type-variable"},"acf":[],"_links":{"self":[{"href":"https:\/\/gajos.sk\/eshop\/wp-json\/wp\/v2\/product\/350452","targetHints":{"allow":["GET"]}}],"collection":[{"href":"https:\/\/gajos.sk\/eshop\/wp-json\/wp\/v2\/product"}],"about":[{"href":"https:\/\/gajos.sk\/eshop\/wp-json\/wp\/v2\/types\/product"}],"wp:featuredmedia":[{"embeddable":true,"href":"https:\/\/gajos.sk\/eshop\/wp-json\/wp\/v2\/media\/350454"}],"wp:attachment":[{"href":"https:\/\/gajos.sk\/eshop\/wp-json\/wp\/v2\/media?parent=350452"}],"wp:term":[{"taxonomy":"product_brand","embeddable":true,"href":"https:\/\/gajos.sk\/eshop\/wp-json\/wp\/v2\/product_brand?post=350452"},{"taxonomy":"product_cat","embeddable":true,"href":"https:\/\/gajos.sk\/eshop\/wp-json\/wp\/v2\/product_cat?post=350452"},{"taxonomy":"product_tag","embeddable":true,"href":"https:\/\/gajos.sk\/eshop\/wp-json\/wp\/v2\/product_tag?post=350452"}],"curies":[{"name":"wp","href":"https:\/\/api.w.org\/{rel}","templated":true}]}}