{"id":350449,"date":"2024-03-01T22:43:59","date_gmt":"2024-03-01T21:43:59","guid":{"rendered":"https:\/\/gajostest.a2hosted.com\/eshop\/luzeret-is-okuliare-afas\/"},"modified":"2026-05-07T21:52:29","modified_gmt":"2026-05-07T19:52:29","slug":"luzeret-is-okuliare-afas","status":"publish","type":"product","link":"https:\/\/gajos.sk\/eshop\/p\/luzeret-is-okuliare-afas\/","title":{"rendered":"LUZERET IS Okuliare AF,AS"},"content":{"rendered":"","protected":false},"excerpt":{"rendered":"<p>okuliare s polykarbon\u00e1tov\u00fdm zorn\u00edkom triedy 1FT pod\u013ea normy EN 166; zorn\u00edk s ochranou proti po\u0161kriabaniu a zahmleniu; ochrana proti lietaj\u00facim \u010dasticiam s n\u00edzkou energiou; nastavite\u013en\u00fd uhol stran\u00edc<\/p>\n","protected":false},"featured_media":350451,"template":"","meta":{"_acf_changed":false,"inline_featured_image":false},"product_brand":[],"product_cat":[2130,2129,2128],"product_tag":[1179],"class_list":{"0":"post-350449","1":"product","2":"type-product","3":"status-publish","4":"has-post-thumbnail","6":"product_cat-okuliare","7":"product_cat-ochrana-oci","8":"product_cat-ochranne-pomocky","9":"product_tag-cerva","10":"pa_farba-cira","12":"first","13":"instock","14":"taxable","15":"shipping-taxable","16":"purchasable","17":"product-type-variable"},"acf":[],"_links":{"self":[{"href":"https:\/\/gajos.sk\/eshop\/wp-json\/wp\/v2\/product\/350449","targetHints":{"allow":["GET"]}}],"collection":[{"href":"https:\/\/gajos.sk\/eshop\/wp-json\/wp\/v2\/product"}],"about":[{"href":"https:\/\/gajos.sk\/eshop\/wp-json\/wp\/v2\/types\/product"}],"wp:featuredmedia":[{"embeddable":true,"href":"https:\/\/gajos.sk\/eshop\/wp-json\/wp\/v2\/media\/350451"}],"wp:attachment":[{"href":"https:\/\/gajos.sk\/eshop\/wp-json\/wp\/v2\/media?parent=350449"}],"wp:term":[{"taxonomy":"product_brand","embeddable":true,"href":"https:\/\/gajos.sk\/eshop\/wp-json\/wp\/v2\/product_brand?post=350449"},{"taxonomy":"product_cat","embeddable":true,"href":"https:\/\/gajos.sk\/eshop\/wp-json\/wp\/v2\/product_cat?post=350449"},{"taxonomy":"product_tag","embeddable":true,"href":"https:\/\/gajos.sk\/eshop\/wp-json\/wp\/v2\/product_tag?post=350449"}],"curies":[{"name":"wp","href":"https:\/\/api.w.org\/{rel}","templated":true}]}}