{"id":350410,"date":"2024-03-01T22:43:31","date_gmt":"2024-03-01T21:43:31","guid":{"rendered":"https:\/\/gajostest.a2hosted.com\/eshop\/jsp-profile-acetate-okuliare-ventilovane\/"},"modified":"2026-04-11T17:51:41","modified_gmt":"2026-04-11T15:51:41","slug":"jsp-profile-acetate-okuliare-ventilovane","status":"publish","type":"product","link":"https:\/\/gajos.sk\/eshop\/p\/jsp-profile-acetate-okuliare-ventilovane\/","title":{"rendered":"JSP PROFILE ACETATE okuliare ventilovan\u00e9"},"content":{"rendered":"","protected":false},"excerpt":{"rendered":"<p>Okuliare Profile s\u00fa uzavret\u00e9 okuliare, ktor\u00e9 sa vyr\u00e1baj\u00fa v dvoch variant\u00e1ch, bu\u010f s nepriamym vetran\u00edm, \u010di \u00faplne uzatvoren\u00e9. S\u00fa to jedin\u00e9 okuliare v na\u0161om sortimente vybaven\u00e9 zorn\u00edkom z acet\u00e1tu, ktor\u00fd sa vyzna\u010duje najm\u00e4 svojou vysokou chemickou odolnos\u0165ou. Hmotnos\u0165: 86 g.<\/p>\n","protected":false},"featured_media":350409,"template":"","meta":{"_acf_changed":false,"inline_featured_image":false},"product_brand":[],"product_cat":[2130,2129,2128],"product_tag":[1209],"class_list":{"0":"post-350410","1":"product","2":"type-product","3":"status-publish","4":"has-post-thumbnail","6":"product_cat-okuliare","7":"product_cat-ochrana-oci","8":"product_cat-ochranne-pomocky","9":"product_tag-jsp","10":"pa_velkost-uni","12":"first","13":"instock","14":"taxable","15":"shipping-taxable","16":"product-type-variable"},"acf":[],"_links":{"self":[{"href":"https:\/\/gajos.sk\/eshop\/wp-json\/wp\/v2\/product\/350410","targetHints":{"allow":["GET"]}}],"collection":[{"href":"https:\/\/gajos.sk\/eshop\/wp-json\/wp\/v2\/product"}],"about":[{"href":"https:\/\/gajos.sk\/eshop\/wp-json\/wp\/v2\/types\/product"}],"wp:featuredmedia":[{"embeddable":true,"href":"https:\/\/gajos.sk\/eshop\/wp-json\/wp\/v2\/media\/350409"}],"wp:attachment":[{"href":"https:\/\/gajos.sk\/eshop\/wp-json\/wp\/v2\/media?parent=350410"}],"wp:term":[{"taxonomy":"product_brand","embeddable":true,"href":"https:\/\/gajos.sk\/eshop\/wp-json\/wp\/v2\/product_brand?post=350410"},{"taxonomy":"product_cat","embeddable":true,"href":"https:\/\/gajos.sk\/eshop\/wp-json\/wp\/v2\/product_cat?post=350410"},{"taxonomy":"product_tag","embeddable":true,"href":"https:\/\/gajos.sk\/eshop\/wp-json\/wp\/v2\/product_tag?post=350410"}],"curies":[{"name":"wp","href":"https:\/\/api.w.org\/{rel}","templated":true}]}}