{"id":350399,"date":"2024-03-01T22:43:31","date_gmt":"2024-03-01T21:43:31","guid":{"rendered":"https:\/\/gajostest.a2hosted.com\/eshop\/jsp-lyss-okuliare-asafkn\/"},"modified":"2026-04-20T00:54:38","modified_gmt":"2026-04-19T22:54:38","slug":"jsp-lyss-okuliare-asafkn","status":"publish","type":"product","link":"https:\/\/gajos.sk\/eshop\/p\/jsp-lyss-okuliare-asafkn\/","title":{"rendered":"JSP LYSS okuliare AS,AF,KN"},"content":{"rendered":"","protected":false},"excerpt":{"rendered":"<p>Okuliare Lyss sa vyzna\u010duj\u00fa \u00faplne jedine\u010dnou mo\u017enos\u0165ou \u00fapravy uhla nosn\u00e9ho most\u00edka. V\u010faka tomuto benefitu je e\u0161te jednoduch\u0161ie si okuliare nastavi\u0165 ide\u00e1lne, aby v\u00e1m naozaj perfektne sedeli na nose. Horn\u00e1 tesniaca l\u00ednia zamedzuje stekaniu potu z \u010dela do o\u010d\u00ed. Hmotnos\u0165: 29 g.<\/p>\n","protected":false},"featured_media":350401,"template":"","meta":{"_acf_changed":false,"inline_featured_image":false},"product_brand":[],"product_cat":[2130,2129,2128],"product_tag":[1209],"class_list":{"0":"post-350399","1":"product","2":"type-product","3":"status-publish","4":"has-post-thumbnail","6":"product_cat-okuliare","7":"product_cat-ochrana-oci","8":"product_cat-ochranne-pomocky","9":"product_tag-jsp","10":"pa_farba-cira","11":"pa_farba-dymova","13":"first","14":"instock","15":"taxable","16":"shipping-taxable","17":"purchasable","18":"product-type-variable"},"acf":[],"_links":{"self":[{"href":"https:\/\/gajos.sk\/eshop\/wp-json\/wp\/v2\/product\/350399","targetHints":{"allow":["GET"]}}],"collection":[{"href":"https:\/\/gajos.sk\/eshop\/wp-json\/wp\/v2\/product"}],"about":[{"href":"https:\/\/gajos.sk\/eshop\/wp-json\/wp\/v2\/types\/product"}],"wp:featuredmedia":[{"embeddable":true,"href":"https:\/\/gajos.sk\/eshop\/wp-json\/wp\/v2\/media\/350401"}],"wp:attachment":[{"href":"https:\/\/gajos.sk\/eshop\/wp-json\/wp\/v2\/media?parent=350399"}],"wp:term":[{"taxonomy":"product_brand","embeddable":true,"href":"https:\/\/gajos.sk\/eshop\/wp-json\/wp\/v2\/product_brand?post=350399"},{"taxonomy":"product_cat","embeddable":true,"href":"https:\/\/gajos.sk\/eshop\/wp-json\/wp\/v2\/product_cat?post=350399"},{"taxonomy":"product_tag","embeddable":true,"href":"https:\/\/gajos.sk\/eshop\/wp-json\/wp\/v2\/product_tag?post=350399"}],"curies":[{"name":"wp","href":"https:\/\/api.w.org\/{rel}","templated":true}]}}