{"id":350396,"date":"2024-03-01T22:43:27","date_gmt":"2024-03-01T21:43:27","guid":{"rendered":"https:\/\/gajostest.a2hosted.com\/eshop\/jsp-leone-okuliare-as\/"},"modified":"2026-04-30T22:07:06","modified_gmt":"2026-04-30T20:07:06","slug":"jsp-leone-okuliare-as","status":"publish","type":"product","link":"https:\/\/gajos.sk\/eshop\/p\/jsp-leone-okuliare-as\/","title":{"rendered":"JSP LEONE okuliare AS"},"content":{"rendered":"","protected":false},"excerpt":{"rendered":"<p>Okuliare Leone s\u00fa prv\u00fdmi okuliarmi v na\u0161om sortimente, ktor\u00e9 s\u00fa vybaven\u00e9 fotochromatick\u00fdmi zorn\u00edkmi. Zorn\u00edky prisp\u00f4sobuj\u00fa svoje zafarbenie pod\u013ea prostredia, v ktorom sa pohybujete. Na priamom slnku sa zatmavia, a pokia\u013e je pod mrakom, tak sa op\u00e4\u0165 automaticky po\u010das p\u00e1r sek\u00fand zosvetlia. Hmotnos\u0165: 24 g.<\/p>\n","protected":false},"featured_media":350398,"template":"","meta":{"_acf_changed":false,"inline_featured_image":false},"product_brand":[],"product_cat":[2130,2129,2128],"product_tag":[1209],"class_list":{"0":"post-350396","1":"product","2":"type-product","3":"status-publish","4":"has-post-thumbnail","6":"product_cat-okuliare","7":"product_cat-ochrana-oci","8":"product_cat-ochranne-pomocky","9":"product_tag-jsp","10":"pa_farba-cira","11":"pa_velkost-fotochromaticky","13":"first","14":"instock","15":"taxable","16":"shipping-taxable","17":"product-type-variable"},"acf":[],"_links":{"self":[{"href":"https:\/\/gajos.sk\/eshop\/wp-json\/wp\/v2\/product\/350396","targetHints":{"allow":["GET"]}}],"collection":[{"href":"https:\/\/gajos.sk\/eshop\/wp-json\/wp\/v2\/product"}],"about":[{"href":"https:\/\/gajos.sk\/eshop\/wp-json\/wp\/v2\/types\/product"}],"wp:featuredmedia":[{"embeddable":true,"href":"https:\/\/gajos.sk\/eshop\/wp-json\/wp\/v2\/media\/350398"}],"wp:attachment":[{"href":"https:\/\/gajos.sk\/eshop\/wp-json\/wp\/v2\/media?parent=350396"}],"wp:term":[{"taxonomy":"product_brand","embeddable":true,"href":"https:\/\/gajos.sk\/eshop\/wp-json\/wp\/v2\/product_brand?post=350396"},{"taxonomy":"product_cat","embeddable":true,"href":"https:\/\/gajos.sk\/eshop\/wp-json\/wp\/v2\/product_cat?post=350396"},{"taxonomy":"product_tag","embeddable":true,"href":"https:\/\/gajos.sk\/eshop\/wp-json\/wp\/v2\/product_tag?post=350396"}],"curies":[{"name":"wp","href":"https:\/\/api.w.org\/{rel}","templated":true}]}}