{"id":350390,"date":"2024-03-01T22:43:27","date_gmt":"2024-03-01T21:43:27","guid":{"rendered":"https:\/\/gajostest.a2hosted.com\/eshop\/jsp-coverlite-asaf-okular-cez-okular\/"},"modified":"2026-04-20T00:54:38","modified_gmt":"2026-04-19T22:54:38","slug":"jsp-coverlite-asaf-okular-cez-okular","status":"publish","type":"product","link":"https:\/\/gajos.sk\/eshop\/p\/jsp-coverlite-asaf-okular-cez-okular\/","title":{"rendered":"JSP COVERLITE AS,AF okular.cez okular"},"content":{"rendered":"","protected":false},"excerpt":{"rendered":"<p>okuliare COVERLITE s\u00fa tie najpohodlnej\u0161ie okuliare so v\u0161etk\u00fdch, ktor\u00e9 si m\u00f4\u017eete k\u00fapi\u0165; v\u010faka unik\u00e1tnemu uchyteniu no\u017ei\u010diek je nesmierne komfortn\u00e9 nosi\u0165; ich aj na va\u0161ich s\u00fakromn\u00fdch korek\u010dn\u00fdch okuliarov; s\u00fa to naj\u013eah\u0161ie okuliare medzi okuliarmi na trhu; Coverlite Orange 550: 100\u2009% ochrana pred modr\u00fdm svetlom 380-550nm, UV 99,99\u2009%; ur\u010den\u00e9 pre \u0161peci\u00e1lne aplik\u00e1cie ako kontrola povrchov, pr\u00e1ca s vytvrdzovacou lampou, vulkaniz\u00e1cia, dentistick\u00e9 a zdravotn\u00edcke aplik\u00e1cie. Coverlite IR 5: UV 99,99% (280-380nm), IR 97% (780-1400nm), Blue Light 99% (380-500nm); ur\u010den\u00e9 pre \u0161peci\u00e1lne aplik\u00e1cie v oblasti zv\u00e1rania<\/p>\n","protected":false},"featured_media":350392,"template":"","meta":{"_acf_changed":false,"inline_featured_image":false},"product_brand":[],"product_cat":[2130,2129,2128],"product_tag":[1209],"class_list":{"0":"post-350390","1":"product","2":"type-product","3":"status-publish","4":"has-post-thumbnail","6":"product_cat-okuliare","7":"product_cat-ochrana-oci","8":"product_cat-ochranne-pomocky","9":"product_tag-jsp","10":"pa_farba-oranzova","11":"pa_farba-cira","12":"pa_farba-tm-zelena","13":"pa_farba-dymova","15":"first","16":"instock","17":"taxable","18":"shipping-taxable","19":"purchasable","20":"product-type-variable"},"acf":[],"_links":{"self":[{"href":"https:\/\/gajos.sk\/eshop\/wp-json\/wp\/v2\/product\/350390","targetHints":{"allow":["GET"]}}],"collection":[{"href":"https:\/\/gajos.sk\/eshop\/wp-json\/wp\/v2\/product"}],"about":[{"href":"https:\/\/gajos.sk\/eshop\/wp-json\/wp\/v2\/types\/product"}],"wp:featuredmedia":[{"embeddable":true,"href":"https:\/\/gajos.sk\/eshop\/wp-json\/wp\/v2\/media\/350392"}],"wp:attachment":[{"href":"https:\/\/gajos.sk\/eshop\/wp-json\/wp\/v2\/media?parent=350390"}],"wp:term":[{"taxonomy":"product_brand","embeddable":true,"href":"https:\/\/gajos.sk\/eshop\/wp-json\/wp\/v2\/product_brand?post=350390"},{"taxonomy":"product_cat","embeddable":true,"href":"https:\/\/gajos.sk\/eshop\/wp-json\/wp\/v2\/product_cat?post=350390"},{"taxonomy":"product_tag","embeddable":true,"href":"https:\/\/gajos.sk\/eshop\/wp-json\/wp\/v2\/product_tag?post=350390"}],"curies":[{"name":"wp","href":"https:\/\/api.w.org\/{rel}","templated":true}]}}