{"id":350377,"date":"2024-03-01T22:43:15","date_gmt":"2024-03-01T21:43:15","guid":{"rendered":"https:\/\/gajostest.a2hosted.com\/eshop\/jsp-forceflex-ff3-okular-kn\/"},"modified":"2026-04-30T22:07:05","modified_gmt":"2026-04-30T20:07:05","slug":"jsp-forceflex-ff3-okular-kn","status":"publish","type":"product","link":"https:\/\/gajos.sk\/eshop\/p\/jsp-forceflex-ff3-okular-kn\/","title":{"rendered":"JSP Forceflex FF3 okular.KN"},"content":{"rendered":"","protected":false},"excerpt":{"rendered":"<p>V okuliaroch JSP ForceFlex\u2122 je implementovan\u00e1 najnov\u0161ia v\u00fdrobn\u00e1 technol\u00f3gia na plasty, ktor\u00e1 ich rob\u00ed skoro nezni\u010dite\u013en\u00fdmi. R\u00e1m okuliarov je schopn\u00fd sa spam\u00e4ta\u0165 skoro z ka\u017ed\u00e9ho zdeformovania. Ide\u00e1lna varianta pre v\u0161etk\u00fdch u\u017e\u00edvate\u013eov, ktor\u00ed nosia okuliare len tak volne pohoden\u00e9 vo vrecku. Povinn\u00fd test odolnosti pod\u013ea normy EN166F presahuj\u00fa 6kr\u00e1t.<\/p>\n","protected":false},"featured_media":350379,"template":"","meta":{"_acf_changed":false,"inline_featured_image":false},"product_brand":[],"product_cat":[2130,2129,2128],"product_tag":[1209],"class_list":{"0":"post-350377","1":"product","2":"type-product","3":"status-publish","4":"has-post-thumbnail","6":"product_cat-okuliare","7":"product_cat-ochrana-oci","8":"product_cat-ochranne-pomocky","9":"product_tag-jsp","10":"pa_farba-cira","11":"pa_farba-dymova","12":"pa_farba-zlta","13":"pa_velkost-zelena-cierna-ram","14":"pa_velkost-cerv-cierna-ram","15":"pa_velkost-modra-cierna-ram","17":"first","18":"instock","19":"taxable","20":"shipping-taxable","21":"purchasable","22":"product-type-variable"},"acf":[],"_links":{"self":[{"href":"https:\/\/gajos.sk\/eshop\/wp-json\/wp\/v2\/product\/350377","targetHints":{"allow":["GET"]}}],"collection":[{"href":"https:\/\/gajos.sk\/eshop\/wp-json\/wp\/v2\/product"}],"about":[{"href":"https:\/\/gajos.sk\/eshop\/wp-json\/wp\/v2\/types\/product"}],"wp:featuredmedia":[{"embeddable":true,"href":"https:\/\/gajos.sk\/eshop\/wp-json\/wp\/v2\/media\/350379"}],"wp:attachment":[{"href":"https:\/\/gajos.sk\/eshop\/wp-json\/wp\/v2\/media?parent=350377"}],"wp:term":[{"taxonomy":"product_brand","embeddable":true,"href":"https:\/\/gajos.sk\/eshop\/wp-json\/wp\/v2\/product_brand?post=350377"},{"taxonomy":"product_cat","embeddable":true,"href":"https:\/\/gajos.sk\/eshop\/wp-json\/wp\/v2\/product_cat?post=350377"},{"taxonomy":"product_tag","embeddable":true,"href":"https:\/\/gajos.sk\/eshop\/wp-json\/wp\/v2\/product_tag?post=350377"}],"curies":[{"name":"wp","href":"https:\/\/api.w.org\/{rel}","templated":true}]}}