{"id":350368,"date":"2024-03-01T22:43:10","date_gmt":"2024-03-01T21:43:10","guid":{"rendered":"https:\/\/gajostest.a2hosted.com\/eshop\/ultim8-okuliare-pc-s-tesnenim-as-af\/"},"modified":"2026-05-07T21:52:29","modified_gmt":"2026-05-07T19:52:29","slug":"ultim8-okuliare-pc-s-tesnenim-as-af","status":"publish","type":"product","link":"https:\/\/gajos.sk\/eshop\/p\/ultim8-okuliare-pc-s-tesnenim-as-af\/","title":{"rendered":"ULTIM8 okuliare PC s tesnen\u00edm AS AF"},"content":{"rendered":"","protected":false},"excerpt":{"rendered":"<p>Okuliare ULTIM8 s\u00fa najpokro\u010dilej\u0161ou ochranou pre extr\u00e9mne pracovn\u00e9 podmienky (zima\/teplo\/prach \/ prostredie s vysokou v\u013ehkos\u0165ou \/ ban\u00edcke priestory \/ ropn\u00e9 plo\u0161iny). ULTIM8 pon\u00faka v\u010faka povrstveniu PLATINUM\u00ae tu najlep\u0161iu ochranu vo\u010di zahmlievaniu a po\u0161kriabaniu. Hmotnos\u0165: 64 g.<\/p>\n","protected":false},"featured_media":350370,"template":"","meta":{"_acf_changed":false,"inline_featured_image":false},"product_brand":[],"product_cat":[2130,2129,2128],"product_tag":[1250],"class_list":{"0":"post-350368","1":"product","2":"type-product","3":"status-publish","4":"has-post-thumbnail","6":"product_cat-okuliare","7":"product_cat-ochrana-oci","8":"product_cat-ochranne-pomocky","9":"product_tag-bolle","10":"pa_farba-cira","12":"first","13":"instock","14":"taxable","15":"shipping-taxable","16":"purchasable","17":"product-type-variable"},"acf":[],"_links":{"self":[{"href":"https:\/\/gajos.sk\/eshop\/wp-json\/wp\/v2\/product\/350368","targetHints":{"allow":["GET"]}}],"collection":[{"href":"https:\/\/gajos.sk\/eshop\/wp-json\/wp\/v2\/product"}],"about":[{"href":"https:\/\/gajos.sk\/eshop\/wp-json\/wp\/v2\/types\/product"}],"wp:featuredmedia":[{"embeddable":true,"href":"https:\/\/gajos.sk\/eshop\/wp-json\/wp\/v2\/media\/350370"}],"wp:attachment":[{"href":"https:\/\/gajos.sk\/eshop\/wp-json\/wp\/v2\/media?parent=350368"}],"wp:term":[{"taxonomy":"product_brand","embeddable":true,"href":"https:\/\/gajos.sk\/eshop\/wp-json\/wp\/v2\/product_brand?post=350368"},{"taxonomy":"product_cat","embeddable":true,"href":"https:\/\/gajos.sk\/eshop\/wp-json\/wp\/v2\/product_cat?post=350368"},{"taxonomy":"product_tag","embeddable":true,"href":"https:\/\/gajos.sk\/eshop\/wp-json\/wp\/v2\/product_tag?post=350368"}],"curies":[{"name":"wp","href":"https:\/\/api.w.org\/{rel}","templated":true}]}}