{"id":350361,"date":"2024-03-01T22:43:10","date_gmt":"2024-03-01T21:43:10","guid":{"rendered":"https:\/\/gajostest.a2hosted.com\/eshop\/tryon-okuliare-pc-as-af\/"},"modified":"2026-05-07T21:52:29","modified_gmt":"2026-05-07T19:52:29","slug":"tryon-okuliare-pc-as-af","status":"publish","type":"product","link":"https:\/\/gajos.sk\/eshop\/p\/tryon-okuliare-pc-as-af\/","title":{"rendered":"TRYON okuliare PC, AS AF"},"content":{"rendered":"","protected":false},"excerpt":{"rendered":"<p>\u0160portov\u00fd design, ktor\u00fd sa perfektne prisp\u00f4sob\u00ed tvaru hlavy. Vstrekovan\u00e9 postrann\u00e9 no\u017ei\u010dky FLEX 160\u00b0, nastavite\u013en\u00fd a proti\u0161mykov\u00fd nosn\u00fd most\u00edk. Povrstvenie PLATINUM\u00ae zais\u0165uje ochranu proti zahmleniu a po\u0161kriabaniu. TRYON dokonale kombinuje \u0161t\u00fdl, inov\u00e1cie a absol\u00fatnu ochranu. Hmotnos\u0165: 34 g.<\/p>\n","protected":false},"featured_media":350363,"template":"","meta":{"_acf_changed":false,"inline_featured_image":false},"product_brand":[],"product_cat":[2130,2129,2128],"product_tag":[1250],"class_list":{"0":"post-350361","1":"product","2":"type-product","3":"status-publish","4":"has-post-thumbnail","6":"product_cat-okuliare","7":"product_cat-ochrana-oci","8":"product_cat-ochranne-pomocky","9":"product_tag-bolle","10":"pa_farba-cira","11":"pa_farba-dymova","12":"pa_farba-zrkadlova-modra","14":"first","15":"instock","16":"taxable","17":"shipping-taxable","18":"purchasable","19":"product-type-variable"},"acf":[],"_links":{"self":[{"href":"https:\/\/gajos.sk\/eshop\/wp-json\/wp\/v2\/product\/350361","targetHints":{"allow":["GET"]}}],"collection":[{"href":"https:\/\/gajos.sk\/eshop\/wp-json\/wp\/v2\/product"}],"about":[{"href":"https:\/\/gajos.sk\/eshop\/wp-json\/wp\/v2\/types\/product"}],"wp:featuredmedia":[{"embeddable":true,"href":"https:\/\/gajos.sk\/eshop\/wp-json\/wp\/v2\/media\/350363"}],"wp:attachment":[{"href":"https:\/\/gajos.sk\/eshop\/wp-json\/wp\/v2\/media?parent=350361"}],"wp:term":[{"taxonomy":"product_brand","embeddable":true,"href":"https:\/\/gajos.sk\/eshop\/wp-json\/wp\/v2\/product_brand?post=350361"},{"taxonomy":"product_cat","embeddable":true,"href":"https:\/\/gajos.sk\/eshop\/wp-json\/wp\/v2\/product_cat?post=350361"},{"taxonomy":"product_tag","embeddable":true,"href":"https:\/\/gajos.sk\/eshop\/wp-json\/wp\/v2\/product_tag?post=350361"}],"curies":[{"name":"wp","href":"https:\/\/api.w.org\/{rel}","templated":true}]}}