{"id":350358,"date":"2024-03-01T22:43:03","date_gmt":"2024-03-01T21:43:03","guid":{"rendered":"https:\/\/gajostest.a2hosted.com\/eshop\/superblast-autoclave-okuliare-pc-as-af\/"},"modified":"2026-05-07T21:52:29","modified_gmt":"2026-05-07T19:52:29","slug":"superblast-autoclave-okuliare-pc-as-af","status":"publish","type":"product","link":"https:\/\/gajos.sk\/eshop\/p\/superblast-autoclave-okuliare-pc-as-af\/","title":{"rendered":"SUPERBLAST AUTOCLAVE okuliare PC, AS AF"},"content":{"rendered":"","protected":false},"excerpt":{"rendered":"<p>Okuliare Superblast Autoclave s\u00fa uzavret\u00e9 okuliare s nepriamym vetran\u00edm ur\u010den\u00e9 \u0161peci\u00e1lne do certifikovan\u00fdch \u010dist\u00fdch priestorov. Perfektne sedia aj na korek\u010dn\u00fdch okuliaroch. Povrstvenie PLATINUM\u00ae zais\u0165uje ochranu proti zahmleniu a po\u0161kriabaniu. Hmotnos\u0165: 92 g.<\/p>\n","protected":false},"featured_media":350360,"template":"","meta":{"_acf_changed":false,"inline_featured_image":false},"product_brand":[],"product_cat":[2130,2129,2128],"product_tag":[1250],"class_list":{"0":"post-350358","1":"product","2":"type-product","3":"status-publish","4":"has-post-thumbnail","6":"product_cat-okuliare","7":"product_cat-ochrana-oci","8":"product_cat-ochranne-pomocky","9":"product_tag-bolle","10":"pa_farba-cira","12":"first","13":"instock","14":"taxable","15":"shipping-taxable","16":"product-type-variable"},"acf":[],"_links":{"self":[{"href":"https:\/\/gajos.sk\/eshop\/wp-json\/wp\/v2\/product\/350358","targetHints":{"allow":["GET"]}}],"collection":[{"href":"https:\/\/gajos.sk\/eshop\/wp-json\/wp\/v2\/product"}],"about":[{"href":"https:\/\/gajos.sk\/eshop\/wp-json\/wp\/v2\/types\/product"}],"wp:featuredmedia":[{"embeddable":true,"href":"https:\/\/gajos.sk\/eshop\/wp-json\/wp\/v2\/media\/350360"}],"wp:attachment":[{"href":"https:\/\/gajos.sk\/eshop\/wp-json\/wp\/v2\/media?parent=350358"}],"wp:term":[{"taxonomy":"product_brand","embeddable":true,"href":"https:\/\/gajos.sk\/eshop\/wp-json\/wp\/v2\/product_brand?post=350358"},{"taxonomy":"product_cat","embeddable":true,"href":"https:\/\/gajos.sk\/eshop\/wp-json\/wp\/v2\/product_cat?post=350358"},{"taxonomy":"product_tag","embeddable":true,"href":"https:\/\/gajos.sk\/eshop\/wp-json\/wp\/v2\/product_tag?post=350358"}],"curies":[{"name":"wp","href":"https:\/\/api.w.org\/{rel}","templated":true}]}}