{"id":350352,"date":"2024-03-01T22:43:03","date_gmt":"2024-03-01T21:43:03","guid":{"rendered":"https:\/\/gajostest.a2hosted.com\/eshop\/iri-s-dioptricke-okuliare-asaf\/"},"modified":"2026-05-07T21:52:29","modified_gmt":"2026-05-07T19:52:29","slug":"iri-s-dioptricke-okuliare-asaf","status":"publish","type":"product","link":"https:\/\/gajos.sk\/eshop\/p\/iri-s-dioptricke-okuliare-asaf\/","title":{"rendered":"IRI-S dioptrick\u00e9 okuliare AS,AF"},"content":{"rendered":"","protected":false},"excerpt":{"rendered":"<p>Ke\u010f\u017ee je ka\u017ed\u00e1 tv\u00e1r unik\u00e1tna, vyvinulo Boll\u00e9 Safety okuliare IRI-S. Model univerz\u00e1lnych bezpe\u010dnostn\u00fdch okuliarov ultramodul\u00e1rny a nekone\u010dne prisp\u00f4sobite\u013en\u00fdch ka\u017ed\u00e9mu \u010dloveku v\u010faka mostu B-FLEX &#8222;tvarovej pam\u00e4te&#8220;. IRI-S s\u00fa k dispoz\u00edcii aj s dioptrick\u00fdmi \u0161o\u0161ovkami.<\/p>\n","protected":false},"featured_media":350354,"template":"","meta":{"_acf_changed":false,"inline_featured_image":false},"product_brand":[],"product_cat":[2130,2129,2128],"product_tag":[1250],"class_list":{"0":"post-350352","1":"product","2":"type-product","3":"status-publish","4":"has-post-thumbnail","6":"product_cat-okuliare","7":"product_cat-ochrana-oci","8":"product_cat-ochranne-pomocky","9":"product_tag-bolle","10":"pa_farba-cira","11":"pa_velkost-3540","12":"pa_velkost-3541","13":"pa_velkost-3351","14":"pa_velkost-3358","16":"first","17":"instock","18":"taxable","19":"shipping-taxable","20":"purchasable","21":"product-type-variable"},"acf":[],"_links":{"self":[{"href":"https:\/\/gajos.sk\/eshop\/wp-json\/wp\/v2\/product\/350352","targetHints":{"allow":["GET"]}}],"collection":[{"href":"https:\/\/gajos.sk\/eshop\/wp-json\/wp\/v2\/product"}],"about":[{"href":"https:\/\/gajos.sk\/eshop\/wp-json\/wp\/v2\/types\/product"}],"wp:featuredmedia":[{"embeddable":true,"href":"https:\/\/gajos.sk\/eshop\/wp-json\/wp\/v2\/media\/350354"}],"wp:attachment":[{"href":"https:\/\/gajos.sk\/eshop\/wp-json\/wp\/v2\/media?parent=350352"}],"wp:term":[{"taxonomy":"product_brand","embeddable":true,"href":"https:\/\/gajos.sk\/eshop\/wp-json\/wp\/v2\/product_brand?post=350352"},{"taxonomy":"product_cat","embeddable":true,"href":"https:\/\/gajos.sk\/eshop\/wp-json\/wp\/v2\/product_cat?post=350352"},{"taxonomy":"product_tag","embeddable":true,"href":"https:\/\/gajos.sk\/eshop\/wp-json\/wp\/v2\/product_tag?post=350352"}],"curies":[{"name":"wp","href":"https:\/\/api.w.org\/{rel}","templated":true}]}}