{"id":350310,"date":"2024-03-01T22:41:38","date_gmt":"2024-03-01T21:41:38","guid":{"rendered":"https:\/\/gajostest.a2hosted.com\/eshop\/oyre-is-okuliaredamskeafas\/"},"modified":"2026-05-07T21:52:29","modified_gmt":"2026-05-07T19:52:29","slug":"oyre-is-okuliaredamskeafas","status":"publish","type":"product","link":"https:\/\/gajos.sk\/eshop\/p\/oyre-is-okuliaredamskeafas\/","title":{"rendered":"OYRE IS okuliare,damske,AF,AS"},"content":{"rendered":"","protected":false},"excerpt":{"rendered":"<p>D\u00e1msk\u00e9 ochrann\u00e9 okuliare modern\u00e9ho vzh\u013eadu s polykarbon\u00e1tov\u00fdm zorn\u00edkom triedy 1FT pod\u013ea normy EN 166. Zorn\u00edk s ochranou proti po\u0161kriabaniu a zahmleniu. Ochrana proti letiacim \u010dasticiam s n\u00edzkou energiou. Bezfarebn\u00fd zorn\u00edk s ochrann\u00fdm filtrom proti UV \u017eiareniu pod\u013ea normy EN 170. Dymov\u00fd zorn\u00edk s protislne\u010dn\u00fdm filtrom pod\u013ea normy EN 172. Kompatibiln\u00e9 so \u0161n\u00farkami ROOTY.<\/p>\n","protected":false},"featured_media":350312,"template":"","meta":{"_acf_changed":false,"inline_featured_image":false},"product_brand":[],"product_cat":[2130,2129,2128],"product_tag":[1179],"class_list":{"0":"post-350310","1":"product","2":"type-product","3":"status-publish","4":"has-post-thumbnail","6":"product_cat-okuliare","7":"product_cat-ochrana-oci","8":"product_cat-ochranne-pomocky","9":"product_tag-cerva","10":"pa_farba-cira","11":"pa_farba-dymova","12":"pa_velkost-zelena-cierna-ram","13":"pa_velkost-zeleny-ram","14":"pa_velkost-ruzovy-ram","15":"pa_velkost-ruzova-cierna-ram","17":"first","18":"instock","19":"taxable","20":"shipping-taxable","21":"purchasable","22":"product-type-variable"},"acf":[],"_links":{"self":[{"href":"https:\/\/gajos.sk\/eshop\/wp-json\/wp\/v2\/product\/350310","targetHints":{"allow":["GET"]}}],"collection":[{"href":"https:\/\/gajos.sk\/eshop\/wp-json\/wp\/v2\/product"}],"about":[{"href":"https:\/\/gajos.sk\/eshop\/wp-json\/wp\/v2\/types\/product"}],"wp:featuredmedia":[{"embeddable":true,"href":"https:\/\/gajos.sk\/eshop\/wp-json\/wp\/v2\/media\/350312"}],"wp:attachment":[{"href":"https:\/\/gajos.sk\/eshop\/wp-json\/wp\/v2\/media?parent=350310"}],"wp:term":[{"taxonomy":"product_brand","embeddable":true,"href":"https:\/\/gajos.sk\/eshop\/wp-json\/wp\/v2\/product_brand?post=350310"},{"taxonomy":"product_cat","embeddable":true,"href":"https:\/\/gajos.sk\/eshop\/wp-json\/wp\/v2\/product_cat?post=350310"},{"taxonomy":"product_tag","embeddable":true,"href":"https:\/\/gajos.sk\/eshop\/wp-json\/wp\/v2\/product_tag?post=350310"}],"curies":[{"name":"wp","href":"https:\/\/api.w.org\/{rel}","templated":true}]}}