{"id":350307,"date":"2024-03-01T22:41:38","date_gmt":"2024-03-01T21:41:38","guid":{"rendered":"https:\/\/gajostest.a2hosted.com\/eshop\/mondion-is-okuliaretpr-tesnenieafas\/"},"modified":"2026-05-07T21:52:29","modified_gmt":"2026-05-07T19:52:29","slug":"mondion-is-okuliaretpr-tesnenieafas","status":"publish","type":"product","link":"https:\/\/gajos.sk\/eshop\/p\/mondion-is-okuliaretpr-tesnenieafas\/","title":{"rendered":"MONDION IS Okuliare,TPR tesnenie,AF,AS"},"content":{"rendered":"","protected":false},"excerpt":{"rendered":"<p>Ve\u013emi \u013eahk\u00e9 ochrann\u00e9 okuliare s polykarbon\u00e1tov\u00fdm zorn\u00edkom triedy 1FT pod\u013ea normy EN 166 s odn\u00edmate\u013en\u00fdm tesnen\u00edm z Dual TPR. Tesnenie vypln\u00ed medzeru medzi okuliarmi a tv\u00e1rou u\u017e\u00edvate\u013ea, \u010d\u00edm sa v\u00fdrazne zn\u00ed\u017ei riziko poranenia o\u010d\u00ed z\u00e1sahom nebezpe\u010dne odletuj\u00facich \u010dast\u00edc. Zorn\u00edk s ochranou proti po\u0161kriabaniu a zahmleniu. Ochrana proti letiacim \u010dasticiam s n\u00edzkou energiou. Bezfarebn\u00fd zorn\u00edk s ochrann\u00fdm filtrom proti UV \u017eiareniu pod\u013ea normy EN 170.<\/p>\n","protected":false},"featured_media":350309,"template":"","meta":{"_acf_changed":false,"inline_featured_image":false},"product_brand":[],"product_cat":[2130,2129,2128],"product_tag":[1179],"class_list":{"0":"post-350307","1":"product","2":"type-product","3":"status-publish","4":"has-post-thumbnail","6":"product_cat-okuliare","7":"product_cat-ochrana-oci","8":"product_cat-ochranne-pomocky","9":"product_tag-cerva","10":"pa_farba-cira","12":"first","13":"instock","14":"taxable","15":"shipping-taxable","16":"purchasable","17":"product-type-variable"},"acf":[],"_links":{"self":[{"href":"https:\/\/gajos.sk\/eshop\/wp-json\/wp\/v2\/product\/350307","targetHints":{"allow":["GET"]}}],"collection":[{"href":"https:\/\/gajos.sk\/eshop\/wp-json\/wp\/v2\/product"}],"about":[{"href":"https:\/\/gajos.sk\/eshop\/wp-json\/wp\/v2\/types\/product"}],"wp:featuredmedia":[{"embeddable":true,"href":"https:\/\/gajos.sk\/eshop\/wp-json\/wp\/v2\/media\/350309"}],"wp:attachment":[{"href":"https:\/\/gajos.sk\/eshop\/wp-json\/wp\/v2\/media?parent=350307"}],"wp:term":[{"taxonomy":"product_brand","embeddable":true,"href":"https:\/\/gajos.sk\/eshop\/wp-json\/wp\/v2\/product_brand?post=350307"},{"taxonomy":"product_cat","embeddable":true,"href":"https:\/\/gajos.sk\/eshop\/wp-json\/wp\/v2\/product_cat?post=350307"},{"taxonomy":"product_tag","embeddable":true,"href":"https:\/\/gajos.sk\/eshop\/wp-json\/wp\/v2\/product_tag?post=350307"}],"curies":[{"name":"wp","href":"https:\/\/api.w.org\/{rel}","templated":true}]}}