{"id":350281,"date":"2024-03-01T22:41:26","date_gmt":"2024-03-01T21:41:26","guid":{"rendered":"https:\/\/gajostest.a2hosted.com\/eshop\/rush-okular-pc-zornik-as-af\/"},"modified":"2026-05-07T21:52:29","modified_gmt":"2026-05-07T19:52:29","slug":"rush-okular-pc-zornik-as-af","status":"publish","type":"product","link":"https:\/\/gajos.sk\/eshop\/p\/rush-okular-pc-zornik-as-af\/","title":{"rendered":"RUSH+ okular.PC zorn\u00edk AS AF"},"content":{"rendered":"","protected":false},"excerpt":{"rendered":"<p>Unik\u00e1tne spojenie skvel\u00e9ho n\u00e1padu a v\u00fdborn\u00fdch pracovn\u00fdch okuliarov. Postrann\u00e9 no\u017ei\u010dky s\u00fa povrstven\u00e9 fosforeskuj\u00facim materi\u00e1lom, ktor\u00fd umo\u017e\u0148uje no\u017ei\u010dk\u00e1m v tmav\u00fdch priestoroch \u010di v noci \u013eahko svieti\u0165. Vi\u010f obr\u00e1zok. Povrstvenie PLATINUM\u00ae zais\u0165uje ochranu proti zahmleniu a po\u0161kriabaniu. EN166 1 FT KN, hmotnos\u0165: 28 g.<\/p>\n","protected":false},"featured_media":350283,"template":"","meta":{"_acf_changed":false,"inline_featured_image":false},"product_brand":[],"product_cat":[2130,2129,2128],"product_tag":[1250],"class_list":{"0":"post-350281","1":"product","2":"type-product","3":"status-publish","4":"has-post-thumbnail","6":"product_cat-okuliare","7":"product_cat-ochrana-oci","8":"product_cat-ochranne-pomocky","9":"product_tag-bolle","10":"pa_farba-cira","11":"pa_farba-dymova","12":"pa_velkost-zelena-cierna-ram","14":"first","15":"instock","16":"taxable","17":"shipping-taxable","18":"purchasable","19":"product-type-variable"},"acf":[],"_links":{"self":[{"href":"https:\/\/gajos.sk\/eshop\/wp-json\/wp\/v2\/product\/350281","targetHints":{"allow":["GET"]}}],"collection":[{"href":"https:\/\/gajos.sk\/eshop\/wp-json\/wp\/v2\/product"}],"about":[{"href":"https:\/\/gajos.sk\/eshop\/wp-json\/wp\/v2\/types\/product"}],"wp:featuredmedia":[{"embeddable":true,"href":"https:\/\/gajos.sk\/eshop\/wp-json\/wp\/v2\/media\/350283"}],"wp:attachment":[{"href":"https:\/\/gajos.sk\/eshop\/wp-json\/wp\/v2\/media?parent=350281"}],"wp:term":[{"taxonomy":"product_brand","embeddable":true,"href":"https:\/\/gajos.sk\/eshop\/wp-json\/wp\/v2\/product_brand?post=350281"},{"taxonomy":"product_cat","embeddable":true,"href":"https:\/\/gajos.sk\/eshop\/wp-json\/wp\/v2\/product_cat?post=350281"},{"taxonomy":"product_tag","embeddable":true,"href":"https:\/\/gajos.sk\/eshop\/wp-json\/wp\/v2\/product_tag?post=350281"}],"curies":[{"name":"wp","href":"https:\/\/api.w.org\/{rel}","templated":true}]}}