{"id":350278,"date":"2024-03-01T22:41:26","date_gmt":"2024-03-01T21:41:26","guid":{"rendered":"https:\/\/gajostest.a2hosted.com\/eshop\/cobra-uzavrete-okuliare-pc-as-af\/"},"modified":"2026-05-07T21:52:29","modified_gmt":"2026-05-07T19:52:29","slug":"cobra-uzavrete-okuliare-pc-as-af","status":"publish","type":"product","link":"https:\/\/gajos.sk\/eshop\/p\/cobra-uzavrete-okuliare-pc-as-af\/","title":{"rendered":"COBRA uzavret\u00e9 okuliare PC, AS AF"},"content":{"rendered":"","protected":false},"excerpt":{"rendered":"<p>Univerz\u00e1lny a v\u0161estrann\u00fd model COBRA zais\u0165uje panoramatick\u00fd v\u00fdh\u013ead (180\u00b0) a perfektn\u00fa optick\u00fa kvalitu. Okuliare maj\u00fa odpojite\u013en\u00e9 stranice, namiesto nich mo\u017eno pou\u017ei\u0165 gumov\u00fa p\u00e1sku. Okuliare je tie\u017e mo\u017en\u00e9 doplni\u0165 odn\u00edmate\u013en\u00fdm m\u00e4kk\u00fdm penov\u00fdm tesnen\u00edm pre zv\u00fd\u0161enie ochrany o\u010d\u00ed u\u017e\u00edvate\u013ea.<\/p>\n","protected":false},"featured_media":350280,"template":"","meta":{"_acf_changed":false,"inline_featured_image":false},"product_brand":[],"product_cat":[2130,2129,2128],"product_tag":[1250],"class_list":{"0":"post-350278","1":"product","2":"type-product","3":"status-publish","4":"has-post-thumbnail","6":"product_cat-okuliare","7":"product_cat-ochrana-oci","8":"product_cat-ochranne-pomocky","9":"product_tag-bolle","10":"pa_farba-cira","12":"first","13":"instock","14":"taxable","15":"shipping-taxable","16":"purchasable","17":"product-type-variable"},"acf":[],"_links":{"self":[{"href":"https:\/\/gajos.sk\/eshop\/wp-json\/wp\/v2\/product\/350278","targetHints":{"allow":["GET"]}}],"collection":[{"href":"https:\/\/gajos.sk\/eshop\/wp-json\/wp\/v2\/product"}],"about":[{"href":"https:\/\/gajos.sk\/eshop\/wp-json\/wp\/v2\/types\/product"}],"wp:featuredmedia":[{"embeddable":true,"href":"https:\/\/gajos.sk\/eshop\/wp-json\/wp\/v2\/media\/350280"}],"wp:attachment":[{"href":"https:\/\/gajos.sk\/eshop\/wp-json\/wp\/v2\/media?parent=350278"}],"wp:term":[{"taxonomy":"product_brand","embeddable":true,"href":"https:\/\/gajos.sk\/eshop\/wp-json\/wp\/v2\/product_brand?post=350278"},{"taxonomy":"product_cat","embeddable":true,"href":"https:\/\/gajos.sk\/eshop\/wp-json\/wp\/v2\/product_cat?post=350278"},{"taxonomy":"product_tag","embeddable":true,"href":"https:\/\/gajos.sk\/eshop\/wp-json\/wp\/v2\/product_tag?post=350278"}],"curies":[{"name":"wp","href":"https:\/\/api.w.org\/{rel}","templated":true}]}}