{"id":350268,"date":"2024-03-01T22:41:22","date_gmt":"2024-03-01T21:41:22","guid":{"rendered":"https:\/\/gajostest.a2hosted.com\/eshop\/silium-okular-pc-zornik-as-af\/"},"modified":"2026-05-07T21:52:29","modified_gmt":"2026-05-07T19:52:29","slug":"silium-okular-pc-zornik-as-af","status":"publish","type":"product","link":"https:\/\/gajos.sk\/eshop\/p\/silium-okular-pc-zornik-as-af\/","title":{"rendered":"SILIUM+  okular.PC zorn\u00edk AS AF"},"content":{"rendered":"","protected":false},"excerpt":{"rendered":"<p>Silium -unik\u00e1tne povrstvenie zorn\u00edkov PLATINUM coating -ve\u013emi \u013eahk\u00e9 okuliare -nastavite\u013en\u00e9 m\u00e4kk\u00e9 nosov\u00e9 sedielko -flexibiln\u00e9 ergonomick\u00e9 stranice &#8211; dostupn\u00e9 i vo variante s povstven\u00edm CSP a PLATINUM<\/p>\n","protected":false},"featured_media":350270,"template":"","meta":{"_acf_changed":false,"inline_featured_image":false},"product_brand":[],"product_cat":[2130,2129,2128],"product_tag":[1250],"class_list":{"0":"post-350268","1":"product","2":"type-product","3":"status-publish","4":"has-post-thumbnail","6":"product_cat-okuliare","7":"product_cat-ochrana-oci","8":"product_cat-ochranne-pomocky","9":"product_tag-bolle","10":"pa_farba-cira","11":"pa_farba-dymova","13":"first","14":"instock","15":"taxable","16":"shipping-taxable","17":"purchasable","18":"product-type-variable"},"acf":[],"_links":{"self":[{"href":"https:\/\/gajos.sk\/eshop\/wp-json\/wp\/v2\/product\/350268","targetHints":{"allow":["GET"]}}],"collection":[{"href":"https:\/\/gajos.sk\/eshop\/wp-json\/wp\/v2\/product"}],"about":[{"href":"https:\/\/gajos.sk\/eshop\/wp-json\/wp\/v2\/types\/product"}],"wp:featuredmedia":[{"embeddable":true,"href":"https:\/\/gajos.sk\/eshop\/wp-json\/wp\/v2\/media\/350270"}],"wp:attachment":[{"href":"https:\/\/gajos.sk\/eshop\/wp-json\/wp\/v2\/media?parent=350268"}],"wp:term":[{"taxonomy":"product_brand","embeddable":true,"href":"https:\/\/gajos.sk\/eshop\/wp-json\/wp\/v2\/product_brand?post=350268"},{"taxonomy":"product_cat","embeddable":true,"href":"https:\/\/gajos.sk\/eshop\/wp-json\/wp\/v2\/product_cat?post=350268"},{"taxonomy":"product_tag","embeddable":true,"href":"https:\/\/gajos.sk\/eshop\/wp-json\/wp\/v2\/product_tag?post=350268"}],"curies":[{"name":"wp","href":"https:\/\/api.w.org\/{rel}","templated":true}]}}