{"id":350256,"date":"2024-03-01T22:41:09","date_gmt":"2024-03-01T21:41:09","guid":{"rendered":"https:\/\/gajostest.a2hosted.com\/eshop\/contour-okular-pc-zornik-as-af\/"},"modified":"2026-05-07T21:52:29","modified_gmt":"2026-05-07T19:52:29","slug":"contour-okular-pc-zornik-as-af","status":"publish","type":"product","link":"https:\/\/gajos.sk\/eshop\/p\/contour-okular-pc-zornik-as-af\/","title":{"rendered":"CONTOUR okular.PC zorn\u00edk AS AF"},"content":{"rendered":"","protected":false},"excerpt":{"rendered":"<p>&#8211; unik\u00e1tne povrstvenie zorn\u00edkov PLATINUM coating  -\u0161t\u00fdlov\u00fd \u0161portov\u00fd vzh\u013ead -nastavite\u013en\u00e9 m\u00e4kk\u00e9 nosov\u00e9 sedielko -dostupn\u00e9 i vo verzii s polariza\u010dn\u00fdmi zorn\u00edkmi a zorn\u00edkmi ESP<\/p>\n","protected":false},"featured_media":350258,"template":"","meta":{"_acf_changed":false,"inline_featured_image":false},"product_brand":[],"product_cat":[2130,2129,2128],"product_tag":[1250],"class_list":{"0":"post-350256","1":"product","2":"type-product","3":"status-publish","4":"has-post-thumbnail","6":"product_cat-okuliare","7":"product_cat-ochrana-oci","8":"product_cat-ochranne-pomocky","9":"product_tag-bolle","10":"pa_farba-dymova","11":"pa_farba-siva","12":"pa_farba-cira","13":"pa_velkost-bolle-esp","15":"first","16":"instock","17":"taxable","18":"shipping-taxable","19":"purchasable","20":"product-type-variable"},"acf":[],"_links":{"self":[{"href":"https:\/\/gajos.sk\/eshop\/wp-json\/wp\/v2\/product\/350256","targetHints":{"allow":["GET"]}}],"collection":[{"href":"https:\/\/gajos.sk\/eshop\/wp-json\/wp\/v2\/product"}],"about":[{"href":"https:\/\/gajos.sk\/eshop\/wp-json\/wp\/v2\/types\/product"}],"wp:featuredmedia":[{"embeddable":true,"href":"https:\/\/gajos.sk\/eshop\/wp-json\/wp\/v2\/media\/350258"}],"wp:attachment":[{"href":"https:\/\/gajos.sk\/eshop\/wp-json\/wp\/v2\/media?parent=350256"}],"wp:term":[{"taxonomy":"product_brand","embeddable":true,"href":"https:\/\/gajos.sk\/eshop\/wp-json\/wp\/v2\/product_brand?post=350256"},{"taxonomy":"product_cat","embeddable":true,"href":"https:\/\/gajos.sk\/eshop\/wp-json\/wp\/v2\/product_cat?post=350256"},{"taxonomy":"product_tag","embeddable":true,"href":"https:\/\/gajos.sk\/eshop\/wp-json\/wp\/v2\/product_tag?post=350256"}],"curies":[{"name":"wp","href":"https:\/\/api.w.org\/{rel}","templated":true}]}}