{"id":350236,"date":"2024-03-01T22:41:04","date_gmt":"2024-03-01T21:41:04","guid":{"rendered":"https:\/\/gajostest.a2hosted.com\/eshop\/okuliare-halton-is-as\/"},"modified":"2026-05-07T21:52:29","modified_gmt":"2026-05-07T19:52:29","slug":"okuliare-halton-is-as","status":"publish","type":"product","link":"https:\/\/gajos.sk\/eshop\/p\/okuliare-halton-is-as\/","title":{"rendered":"Okuliare HALTON IS AS"},"content":{"rendered":"","protected":false},"excerpt":{"rendered":"<p>Okuliare \u0161portov\u00e9ho designu s polykarbon\u00e1tov\u00fdm zorn\u00edkom triedy 1FT pod\u013ea normy EN 166. Zorn\u00edk s ochranou proti po\u0161kriabaniu a zahmleniu Ochrana proti letiacim \u010dasticiam s n\u00edzkou energiou. Bezferebn\u00fd a \u017elt\u00fd zorn\u00edk s ochrann\u00fdm filtrom proti UV \u017eiareniu pod\u013ea normy EN 170. Dymov\u00fd, polariza\u010dn\u00fd a zrkadlov\u00fd zorn\u00edk s protislne\u010dn\u00fdm filtrom pod\u013ea normy EN 172. Polariza\u010dn\u00fd zorn\u00edk chr\u00e1ni u\u017e\u00edvate\u013ea proti horizont\u00e1lnemu oslneniu, napr. odrazy slnka od vodnej hladiny alebo sklenen\u00fdch pl\u00f4ch.<\/p>\n","protected":false},"featured_media":350238,"template":"","meta":{"_acf_changed":false,"inline_featured_image":false},"product_brand":[],"product_cat":[2130,2129,2128],"product_tag":[1179],"class_list":{"0":"post-350236","1":"product","2":"type-product","3":"status-publish","4":"has-post-thumbnail","6":"product_cat-okuliare","7":"product_cat-ochrana-oci","8":"product_cat-ochranne-pomocky","9":"product_tag-cerva","10":"pa_farba-zlta","11":"pa_farba-siva","12":"pa_farba-cira","13":"pa_farba-dymova","14":"pa_farba-zrkadlova-modra","16":"first","17":"instock","18":"taxable","19":"shipping-taxable","20":"purchasable","21":"product-type-variable"},"acf":[],"_links":{"self":[{"href":"https:\/\/gajos.sk\/eshop\/wp-json\/wp\/v2\/product\/350236","targetHints":{"allow":["GET"]}}],"collection":[{"href":"https:\/\/gajos.sk\/eshop\/wp-json\/wp\/v2\/product"}],"about":[{"href":"https:\/\/gajos.sk\/eshop\/wp-json\/wp\/v2\/types\/product"}],"wp:featuredmedia":[{"embeddable":true,"href":"https:\/\/gajos.sk\/eshop\/wp-json\/wp\/v2\/media\/350238"}],"wp:attachment":[{"href":"https:\/\/gajos.sk\/eshop\/wp-json\/wp\/v2\/media?parent=350236"}],"wp:term":[{"taxonomy":"product_brand","embeddable":true,"href":"https:\/\/gajos.sk\/eshop\/wp-json\/wp\/v2\/product_brand?post=350236"},{"taxonomy":"product_cat","embeddable":true,"href":"https:\/\/gajos.sk\/eshop\/wp-json\/wp\/v2\/product_cat?post=350236"},{"taxonomy":"product_tag","embeddable":true,"href":"https:\/\/gajos.sk\/eshop\/wp-json\/wp\/v2\/product_tag?post=350236"}],"curies":[{"name":"wp","href":"https:\/\/api.w.org\/{rel}","templated":true}]}}