{"id":350219,"date":"2024-03-01T22:39:50","date_gmt":"2024-03-01T21:39:50","guid":{"rendered":"https:\/\/gajostest.a2hosted.com\/eshop\/jsp-okular-stealth-16g-as\/"},"modified":"2026-04-30T22:07:05","modified_gmt":"2026-04-30T20:07:05","slug":"jsp-okular-stealth-16g-as","status":"publish","type":"product","link":"https:\/\/gajos.sk\/eshop\/p\/jsp-okular-stealth-16g-as\/","title":{"rendered":"JSP okular. STEALTH 16g AS"},"content":{"rendered":"","protected":false},"excerpt":{"rendered":"<p>Naj\u013eah\u0161ie ochrann\u00e9 okuliare na svete, hmotnos\u0165 len 16 g. Polykarbon\u00e1tov\u00fd zorn\u00edk s UV ochranou. Integrovan\u00e9 univerz\u00e1lne nosov\u00e9 sedielko. Ultra tenk\u00e9, ultra pevne opticky perfektn\u00e9 \u0161o\u0161ovky. Ventilovan\u00e9 no\u017ei\u010dky. Okuliare poskytuj\u00fa maxim\u00e1lny komfort pri celodennom nosen\u00ed. Ochrana proti po\u0161krabaniu. EN 166.1.F.K., EN 170; EN 172 &#8211; dymov\u00fd zorn\u00edk.<\/p>\n","protected":false},"featured_media":350221,"template":"","meta":{"_acf_changed":false,"inline_featured_image":false},"product_brand":[],"product_cat":[2130,2129,2128],"product_tag":[1209],"class_list":{"0":"post-350219","1":"product","2":"type-product","3":"status-publish","4":"has-post-thumbnail","6":"product_cat-okuliare","7":"product_cat-ochrana-oci","8":"product_cat-ochranne-pomocky","9":"product_tag-jsp","10":"pa_farba-dymova","11":"pa_farba-zlta","12":"pa_farba-cira","14":"first","15":"instock","16":"taxable","17":"shipping-taxable","18":"purchasable","19":"product-type-variable"},"acf":[],"_links":{"self":[{"href":"https:\/\/gajos.sk\/eshop\/wp-json\/wp\/v2\/product\/350219","targetHints":{"allow":["GET"]}}],"collection":[{"href":"https:\/\/gajos.sk\/eshop\/wp-json\/wp\/v2\/product"}],"about":[{"href":"https:\/\/gajos.sk\/eshop\/wp-json\/wp\/v2\/types\/product"}],"wp:featuredmedia":[{"embeddable":true,"href":"https:\/\/gajos.sk\/eshop\/wp-json\/wp\/v2\/media\/350221"}],"wp:attachment":[{"href":"https:\/\/gajos.sk\/eshop\/wp-json\/wp\/v2\/media?parent=350219"}],"wp:term":[{"taxonomy":"product_brand","embeddable":true,"href":"https:\/\/gajos.sk\/eshop\/wp-json\/wp\/v2\/product_brand?post=350219"},{"taxonomy":"product_cat","embeddable":true,"href":"https:\/\/gajos.sk\/eshop\/wp-json\/wp\/v2\/product_cat?post=350219"},{"taxonomy":"product_tag","embeddable":true,"href":"https:\/\/gajos.sk\/eshop\/wp-json\/wp\/v2\/product_tag?post=350219"}],"curies":[{"name":"wp","href":"https:\/\/api.w.org\/{rel}","templated":true}]}}