{"id":350202,"date":"2024-03-01T22:39:38","date_gmt":"2024-03-01T21:39:38","guid":{"rendered":"https:\/\/gajostest.a2hosted.com\/eshop\/3m-securefit-sf20xaf-eu\/"},"modified":"2026-04-19T07:12:50","modified_gmt":"2026-04-19T05:12:50","slug":"3m-securefit-sf20xaf-eu","status":"publish","type":"product","link":"https:\/\/gajos.sk\/eshop\/p\/3m-securefit-sf20xaf-eu\/","title":{"rendered":"3M SecureFit SF20XAF-EU"},"content":{"rendered":"","protected":false},"excerpt":{"rendered":"<p>\u2022 Optick\u00e1 trieda 1 a ochrana proti UV \u017eiareniu \u2013 vyroben\u00e9 z vysoko kvalitn\u00e9ho, nerecyklovan\u00e9ho polykarbon\u00e1tu \u2022 \u0160t\u00fdlov\u00fd, \u013eahk\u00fd dizajn (18 \u2013 19 g) \u2022 Unik\u00e1tne strannice sa prisp\u00f4sobia \u0161irokej \u0161k\u00e1le tv\u00e1r\u00ed \u2022 Kvalitn\u00fd povrch proti po\u0161kriabaniu (AS) a zahmlievaniu (AF)* \u2022 Sp\u013a\u0148aj\u00fa po\u017eiadavky EN 166: 2001 * okrem zrkadlov\u00fdch modr\u00fdch okuliarov a I\/O<\/p>\n","protected":false},"featured_media":350204,"template":"","meta":{"_acf_changed":false,"inline_featured_image":false},"product_brand":[],"product_cat":[2130,2129,2128],"product_tag":[1275],"class_list":{"0":"post-350202","1":"product","2":"type-product","3":"status-publish","4":"has-post-thumbnail","6":"product_cat-okuliare","7":"product_cat-ochrana-oci","8":"product_cat-ochranne-pomocky","9":"product_tag-3m","10":"pa_farba-zlta","11":"pa_farba-siva","12":"pa_farba-cira","13":"pa_velkost-modry-ram","15":"first","16":"instock","17":"taxable","18":"shipping-taxable","19":"purchasable","20":"product-type-variable"},"acf":[],"_links":{"self":[{"href":"https:\/\/gajos.sk\/eshop\/wp-json\/wp\/v2\/product\/350202","targetHints":{"allow":["GET"]}}],"collection":[{"href":"https:\/\/gajos.sk\/eshop\/wp-json\/wp\/v2\/product"}],"about":[{"href":"https:\/\/gajos.sk\/eshop\/wp-json\/wp\/v2\/types\/product"}],"wp:featuredmedia":[{"embeddable":true,"href":"https:\/\/gajos.sk\/eshop\/wp-json\/wp\/v2\/media\/350204"}],"wp:attachment":[{"href":"https:\/\/gajos.sk\/eshop\/wp-json\/wp\/v2\/media?parent=350202"}],"wp:term":[{"taxonomy":"product_brand","embeddable":true,"href":"https:\/\/gajos.sk\/eshop\/wp-json\/wp\/v2\/product_brand?post=350202"},{"taxonomy":"product_cat","embeddable":true,"href":"https:\/\/gajos.sk\/eshop\/wp-json\/wp\/v2\/product_cat?post=350202"},{"taxonomy":"product_tag","embeddable":true,"href":"https:\/\/gajos.sk\/eshop\/wp-json\/wp\/v2\/product_tag?post=350202"}],"curies":[{"name":"wp","href":"https:\/\/api.w.org\/{rel}","templated":true}]}}