{"id":350194,"date":"2024-03-01T22:39:38","date_gmt":"2024-03-01T21:39:38","guid":{"rendered":"https:\/\/gajostest.a2hosted.com\/eshop\/seigy-okuliare-is-af-as\/"},"modified":"2026-05-07T21:52:29","modified_gmt":"2026-05-07T19:52:29","slug":"seigy-okuliare-is-af-as","status":"publish","type":"product","link":"https:\/\/gajos.sk\/eshop\/p\/seigy-okuliare-is-af-as\/","title":{"rendered":"SEIGY okuliare IS AF, AS"},"content":{"rendered":"","protected":false},"excerpt":{"rendered":"<p>Okuliare \u0161portov\u00e9ho dizajnu s polykarbon\u00e1tov\u00fdm zorn\u00edkom triedy 1F pod\u013ea EN 166. Zorn\u00edk s ochranou proti po\u0161krabaniu a zahmleniu. Ochrana proti lietaj\u00facim \u010dasticiam s n\u00edzkou energiou. M\u00e4kk\u00e9 nosov\u00e9 sedielko. Dymov\u00fd zorn\u00edk s protislne\u010dn\u00fdm filtrom pod\u013ea normy EN 172.<\/p>\n","protected":false},"featured_media":350196,"template":"","meta":{"_acf_changed":false,"inline_featured_image":false},"product_brand":[],"product_cat":[2130,2129,2128],"product_tag":[1179],"class_list":{"0":"post-350194","1":"product","2":"type-product","3":"status-publish","4":"has-post-thumbnail","6":"product_cat-okuliare","7":"product_cat-ochrana-oci","8":"product_cat-ochranne-pomocky","9":"product_tag-cerva","10":"pa_farba-zlta","11":"pa_farba-cira","12":"pa_farba-dymova","14":"first","15":"instock","16":"taxable","17":"shipping-taxable","18":"purchasable","19":"product-type-variable"},"acf":[],"_links":{"self":[{"href":"https:\/\/gajos.sk\/eshop\/wp-json\/wp\/v2\/product\/350194","targetHints":{"allow":["GET"]}}],"collection":[{"href":"https:\/\/gajos.sk\/eshop\/wp-json\/wp\/v2\/product"}],"about":[{"href":"https:\/\/gajos.sk\/eshop\/wp-json\/wp\/v2\/types\/product"}],"wp:featuredmedia":[{"embeddable":true,"href":"https:\/\/gajos.sk\/eshop\/wp-json\/wp\/v2\/media\/350196"}],"wp:attachment":[{"href":"https:\/\/gajos.sk\/eshop\/wp-json\/wp\/v2\/media?parent=350194"}],"wp:term":[{"taxonomy":"product_brand","embeddable":true,"href":"https:\/\/gajos.sk\/eshop\/wp-json\/wp\/v2\/product_brand?post=350194"},{"taxonomy":"product_cat","embeddable":true,"href":"https:\/\/gajos.sk\/eshop\/wp-json\/wp\/v2\/product_cat?post=350194"},{"taxonomy":"product_tag","embeddable":true,"href":"https:\/\/gajos.sk\/eshop\/wp-json\/wp\/v2\/product_tag?post=350194"}],"curies":[{"name":"wp","href":"https:\/\/api.w.org\/{rel}","templated":true}]}}