{"id":350172,"date":"2024-03-01T22:39:26","date_gmt":"2024-03-01T21:39:26","guid":{"rendered":"https:\/\/gajostest.a2hosted.com\/eshop\/jsp-okular-m9700-sports-as\/"},"modified":"2026-04-30T22:07:05","modified_gmt":"2026-04-30T20:07:05","slug":"jsp-okular-m9700-sports-as","status":"publish","type":"product","link":"https:\/\/gajos.sk\/eshop\/p\/jsp-okular-m9700-sports-as\/","title":{"rendered":"JSP okular. M9700 SPORTS AS"},"content":{"rendered":"","protected":false},"excerpt":{"rendered":"<p>\u0160portov\u00e9 okuliare s polykarbon\u00e1tov\u00fdm zorn\u00edkom; 99,9% ochrana proti UV \u017eiareniu, zorn\u00edk odoln\u00fd proti po\u0161kriabaniu, m\u00e4kk\u00e9 gumov\u00e9 konce str\u00e1ni\u010diek a adaptabiln\u00e9 nosov\u00e9 sedielko zais\u0165uj\u00fa komfortn\u00e9 nosenie a stabilitu okuliarov. Dvojito zakriven\u00e9 zorn\u00edky poskytuj\u00fa \u0161irok\u00e9 zorn\u00e9 pole a ochranu. EN166 1.F.<\/p>\n","protected":false},"featured_media":350174,"template":"","meta":{"_acf_changed":false,"inline_featured_image":false},"product_brand":[],"product_cat":[2130,2129,2128],"product_tag":[1209],"class_list":{"0":"post-350172","1":"product","2":"type-product","3":"status-publish","4":"has-post-thumbnail","6":"product_cat-okuliare","7":"product_cat-ochrana-oci","8":"product_cat-ochranne-pomocky","9":"product_tag-jsp","10":"pa_farba-cira","11":"pa_farba-dymova","13":"first","14":"instock","15":"taxable","16":"shipping-taxable","17":"purchasable","18":"product-type-variable"},"acf":[],"_links":{"self":[{"href":"https:\/\/gajos.sk\/eshop\/wp-json\/wp\/v2\/product\/350172","targetHints":{"allow":["GET"]}}],"collection":[{"href":"https:\/\/gajos.sk\/eshop\/wp-json\/wp\/v2\/product"}],"about":[{"href":"https:\/\/gajos.sk\/eshop\/wp-json\/wp\/v2\/types\/product"}],"wp:featuredmedia":[{"embeddable":true,"href":"https:\/\/gajos.sk\/eshop\/wp-json\/wp\/v2\/media\/350174"}],"wp:attachment":[{"href":"https:\/\/gajos.sk\/eshop\/wp-json\/wp\/v2\/media?parent=350172"}],"wp:term":[{"taxonomy":"product_brand","embeddable":true,"href":"https:\/\/gajos.sk\/eshop\/wp-json\/wp\/v2\/product_brand?post=350172"},{"taxonomy":"product_cat","embeddable":true,"href":"https:\/\/gajos.sk\/eshop\/wp-json\/wp\/v2\/product_cat?post=350172"},{"taxonomy":"product_tag","embeddable":true,"href":"https:\/\/gajos.sk\/eshop\/wp-json\/wp\/v2\/product_tag?post=350172"}],"curies":[{"name":"wp","href":"https:\/\/api.w.org\/{rel}","templated":true}]}}