{"id":350148,"date":"2024-03-01T22:39:12","date_gmt":"2024-03-01T21:39:12","guid":{"rendered":"https:\/\/gajostest.a2hosted.com\/eshop\/jsp-evospec-okular-evlite-3\/"},"modified":"2026-04-20T00:54:38","modified_gmt":"2026-04-19T22:54:38","slug":"jsp-evospec-okular-evlite-3","status":"publish","type":"product","link":"https:\/\/gajos.sk\/eshop\/p\/jsp-evospec-okular-evlite-3\/","title":{"rendered":"JSP EVOSPEC okular. EVLite\/3"},"content":{"rendered":"","protected":false},"excerpt":{"rendered":"<p>N\u00e1hradn\u00e9 okuliare do pr\u00edlb EVOLite \/ EVO3 \/ MK7.0. Vys\u00favate\u013en\u00e9, vrstva proti po\u0161kriabaniu a zahmlievaniu. \u010c\u00edry alebo dymov\u00fd variant. EN166.1F.<\/p>\n","protected":false},"featured_media":350150,"template":"","meta":{"_acf_changed":false,"inline_featured_image":false},"product_brand":[],"product_cat":[2439,2144,2128],"product_tag":[1209],"class_list":{"0":"post-350148","1":"product","2":"type-product","3":"status-publish","4":"has-post-thumbnail","6":"product_cat-prislusenstvo-ochrana-hlavy","7":"product_cat-ochrana-hlavy","8":"product_cat-ochranne-pomocky","9":"product_tag-jsp","10":"pa_farba-cira","11":"pa_farba-dymova","13":"first","14":"instock","15":"taxable","16":"shipping-taxable","17":"purchasable","18":"product-type-variable"},"acf":[],"_links":{"self":[{"href":"https:\/\/gajos.sk\/eshop\/wp-json\/wp\/v2\/product\/350148","targetHints":{"allow":["GET"]}}],"collection":[{"href":"https:\/\/gajos.sk\/eshop\/wp-json\/wp\/v2\/product"}],"about":[{"href":"https:\/\/gajos.sk\/eshop\/wp-json\/wp\/v2\/types\/product"}],"wp:featuredmedia":[{"embeddable":true,"href":"https:\/\/gajos.sk\/eshop\/wp-json\/wp\/v2\/media\/350150"}],"wp:attachment":[{"href":"https:\/\/gajos.sk\/eshop\/wp-json\/wp\/v2\/media?parent=350148"}],"wp:term":[{"taxonomy":"product_brand","embeddable":true,"href":"https:\/\/gajos.sk\/eshop\/wp-json\/wp\/v2\/product_brand?post=350148"},{"taxonomy":"product_cat","embeddable":true,"href":"https:\/\/gajos.sk\/eshop\/wp-json\/wp\/v2\/product_cat?post=350148"},{"taxonomy":"product_tag","embeddable":true,"href":"https:\/\/gajos.sk\/eshop\/wp-json\/wp\/v2\/product_tag?post=350148"}],"curies":[{"name":"wp","href":"https:\/\/api.w.org\/{rel}","templated":true}]}}