{"id":350091,"date":"2024-03-01T22:37:39","date_gmt":"2024-03-01T21:37:39","guid":{"rendered":"https:\/\/gajostest.a2hosted.com\/eshop\/okuliare-bv-24-zvar-6\/"},"modified":"2026-05-07T21:52:29","modified_gmt":"2026-05-07T19:52:29","slug":"okuliare-bv-24-zvar-6","status":"publish","type":"product","link":"https:\/\/gajos.sk\/eshop\/p\/okuliare-bv-24-zvar-6\/","title":{"rendered":"Okuliare BV 24 ZVAR 6"},"content":{"rendered":"","protected":false},"excerpt":{"rendered":"<p>Uzav\u0159en\u00e9 ochrann\u00e9 br\u00fdle s o\u010dnic\u00ed s nep\u0159\u00edmou ventilac\u00ed a se sklopn\u00fdm r\u00e1mem. O\u010dnice je osazena \u010dir\u00fdmi zorn\u00edky. Sklopn\u00fd r\u00e1m je osazen sv\u00e1\u0159e\u010dsk\u00fdmi filtry SVAR se stupn\u011bm ochrany 4 a\u017e 8 a p\u0159edsazen\u00fdmi \u010dir\u00fdmi kryc\u00edmi zorn\u00edky. P\u0159i zvednut\u00e9m r\u00e1mu slou\u017e\u00ed k ochran\u011b o\u010d\u00ed p\u0159ed n\u00e1razem pomalu let\u00edc\u00edch \u010d\u00e1stic.<\/p>\n<p>Pro koho jsou ochrann\u00e9 br\u00fdle vhodn\u00e9: Slou\u017e\u00ed p\u0159i sklopen\u00e9m r\u00e1mu k ochran\u011b o\u010d\u00ed p\u0159i sva\u0159ov\u00e1n\u00ed, p\u0159ed z\u00e1\u0159en\u00edm vznikaj\u00edc\u00edm p\u0159i p\u00e1jen\u00ed, sva\u0159ov\u00e1n\u00ed a \u0159ez\u00e1n\u00ed kov\u016f plamenem.<\/p>\n<p>Barevn\u00e9 proveden\u00ed PVC o\u010dnice: modr\u00e9.<\/p>\n<p>Mo\u017enost objedn\u00e1n\u00ed n\u00e1hradn\u00edch zorn\u00edk\u016f.<br \/>\n    Materi\u00e1l zorn\u00edk\u016f: PC 3 mm, sklo<br \/>\n    Barva zorn\u00edk\u016f: \u010dir\u00e1 a \u0161ed\u00e1<br \/>\n    Materi\u00e1l: PC \u010dir\u00fd tlou\u0161\u0165ka 3 mm (ochrann\u00fd)\u00a0\u00a0<br \/>\n    Optick\u00e1 t\u0159\u00edda: 1<br \/>\n    Mo\u017enost v\u00fdm\u011bny zorn\u00edk\u016f: ano\u00a0<br \/>\n    Mo\u017enost kombinace s dioptrick\u00fdmi br\u00fdlemi: ano<br \/>\n    Ochrana: mechanick\u00e1\u00a0<br \/>\n    Ochrana proti n\u00e1razu: zv\u00fd\u0161en\u00e1 pevnost S<br \/>\n    Odolnost proti teplot\u00e1m: -5 \u00b0C \/ +55\u00b0C<br \/>\n    Hmotnost: 142 g\u00a0<br \/>\n    Odpov\u00edd\u00e1 norm\u00e1m: EN 166, EN 175<br \/>\n    Atestace CE: ano<\/p>\n","protected":false},"featured_media":350093,"template":"","meta":{"_acf_changed":false,"inline_featured_image":false},"product_brand":[],"product_cat":[2130,2129,2128],"product_tag":[2496],"class_list":{"0":"post-350091","1":"product","2":"type-product","3":"status-publish","4":"has-post-thumbnail","6":"product_cat-okuliare","7":"product_cat-ochrana-oci","8":"product_cat-ochranne-pomocky","9":"product_tag-okula","10":"pa_velkost-uni","12":"first","13":"instock","14":"taxable","15":"shipping-taxable","16":"product-type-variable"},"acf":[],"_links":{"self":[{"href":"https:\/\/gajos.sk\/eshop\/wp-json\/wp\/v2\/product\/350091","targetHints":{"allow":["GET"]}}],"collection":[{"href":"https:\/\/gajos.sk\/eshop\/wp-json\/wp\/v2\/product"}],"about":[{"href":"https:\/\/gajos.sk\/eshop\/wp-json\/wp\/v2\/types\/product"}],"wp:featuredmedia":[{"embeddable":true,"href":"https:\/\/gajos.sk\/eshop\/wp-json\/wp\/v2\/media\/350093"}],"wp:attachment":[{"href":"https:\/\/gajos.sk\/eshop\/wp-json\/wp\/v2\/media?parent=350091"}],"wp:term":[{"taxonomy":"product_brand","embeddable":true,"href":"https:\/\/gajos.sk\/eshop\/wp-json\/wp\/v2\/product_brand?post=350091"},{"taxonomy":"product_cat","embeddable":true,"href":"https:\/\/gajos.sk\/eshop\/wp-json\/wp\/v2\/product_cat?post=350091"},{"taxonomy":"product_tag","embeddable":true,"href":"https:\/\/gajos.sk\/eshop\/wp-json\/wp\/v2\/product_tag?post=350091"}],"curies":[{"name":"wp","href":"https:\/\/api.w.org\/{rel}","templated":true}]}}