{"id":350065,"date":"2024-03-01T22:37:21","date_gmt":"2024-03-01T21:37:21","guid":{"rendered":"https:\/\/gajostest.a2hosted.com\/eshop\/weldguard-se-1140-okul-zvaracske-hranate\/"},"modified":"2026-05-07T21:52:29","modified_gmt":"2026-05-07T19:52:29","slug":"weldguard-se-1140-okul-zvaracske-hranate","status":"publish","type":"product","link":"https:\/\/gajos.sk\/eshop\/p\/weldguard-se-1140-okul-zvaracske-hranate\/","title":{"rendered":"WELDGUARD SE 1140 okul.zv\u00e1ra\u010dsk\u00e9 hranat\u00e9"},"content":{"rendered":"","protected":false},"excerpt":{"rendered":"<p>Ochrann\u00e9 nepriamo vetran\u00e9 okuliare s m\u00e4kkou plastovou l\u00edcnicou, pevn\u00fdm \u010d\u00edrym obd\u013a\u017enikov\u00fdm zorn\u00edkom triedy F, odkl\u00e1pac\u00edm zv\u00e1ra\u010dsk\u00fdm zorn\u00edkom, mo\u017enos\u0165ou nasadenia na dioptrick\u00e9 okuliare, ochranou proti \u017eiareniu vznikaj\u00facom pri zv\u00e1ran\u00ed, vhodn\u00e9 pri zv\u00e1ran\u00ed. Tmav\u00e9 ochrann\u00e9 zv\u00e1ra\u010dsk\u00e9 skl\u00e1 nie s\u00fa s\u00fa\u010das\u0165ou, treba ich objedna\u0165 samostatne. EN 175 a EN 166.<\/p>\n","protected":false},"featured_media":350067,"template":"","meta":{"_acf_changed":false,"inline_featured_image":false},"product_brand":[],"product_cat":[2495,2129,2128],"product_tag":[1179],"class_list":{"0":"post-350065","1":"product","2":"type-product","3":"status-publish","4":"has-post-thumbnail","6":"product_cat-zvaracska-kukla","7":"product_cat-ochrana-oci","8":"product_cat-ochranne-pomocky","9":"product_tag-cerva","10":"pa_velkost-uni","12":"first","13":"instock","14":"taxable","15":"shipping-taxable","16":"purchasable","17":"product-type-variable"},"acf":[],"_links":{"self":[{"href":"https:\/\/gajos.sk\/eshop\/wp-json\/wp\/v2\/product\/350065","targetHints":{"allow":["GET"]}}],"collection":[{"href":"https:\/\/gajos.sk\/eshop\/wp-json\/wp\/v2\/product"}],"about":[{"href":"https:\/\/gajos.sk\/eshop\/wp-json\/wp\/v2\/types\/product"}],"wp:featuredmedia":[{"embeddable":true,"href":"https:\/\/gajos.sk\/eshop\/wp-json\/wp\/v2\/media\/350067"}],"wp:attachment":[{"href":"https:\/\/gajos.sk\/eshop\/wp-json\/wp\/v2\/media?parent=350065"}],"wp:term":[{"taxonomy":"product_brand","embeddable":true,"href":"https:\/\/gajos.sk\/eshop\/wp-json\/wp\/v2\/product_brand?post=350065"},{"taxonomy":"product_cat","embeddable":true,"href":"https:\/\/gajos.sk\/eshop\/wp-json\/wp\/v2\/product_cat?post=350065"},{"taxonomy":"product_tag","embeddable":true,"href":"https:\/\/gajos.sk\/eshop\/wp-json\/wp\/v2\/product_tag?post=350065"}],"curies":[{"name":"wp","href":"https:\/\/api.w.org\/{rel}","templated":true}]}}