{"id":350017,"date":"2024-03-01T22:36:02","date_gmt":"2024-03-01T21:36:02","guid":{"rendered":"https:\/\/gajostest.a2hosted.com\/eshop\/3m-284x-okuliare\/"},"modified":"2026-04-11T17:51:39","modified_gmt":"2026-04-11T15:51:39","slug":"3m-284x-okuliare","status":"publish","type":"product","link":"https:\/\/gajos.sk\/eshop\/p\/3m-284x-okuliare\/","title":{"rendered":"3M 284x okuliare"},"content":{"rendered":"","protected":false},"excerpt":{"rendered":"<p>Tieto ochrann\u00e9 okuliare s\u00fa vybaven\u00e9 integrovan\u00fdm chr\u00e1ni\u010dom obo\u010dia pre v\u00e4\u010d\u0161iu ochranu. Maj\u00fa pevn\u00fd polykarbon\u00e1tov\u00fd zorn\u00edk s ochrannou vrstvou proti po\u0161kriabaniu a zahmlievaniu a dod\u00e1vaj\u00fa sa v troch variantoch: \u010d\u00edre, \u017elt\u00e9 pre zv\u00fd\u0161enie kontrastu pri slabom osvetlen\u00ed a \u010dervenooran\u017eov\u00e9 proti intenz\u00edvnemu modr\u00e9mu svetlu.<\/p>\n","protected":false},"featured_media":350019,"template":"","meta":{"_acf_changed":false,"inline_featured_image":false},"product_brand":[],"product_cat":[2130,2129,2128],"product_tag":[1275],"class_list":{"0":"post-350017","1":"product","2":"type-product","3":"status-publish","4":"has-post-thumbnail","6":"product_cat-okuliare","7":"product_cat-ochrana-oci","8":"product_cat-ochranne-pomocky","9":"product_tag-3m","10":"pa_farba-zlta","11":"pa_farba-cervena","12":"pa_farba-cira","14":"first","15":"instock","16":"taxable","17":"shipping-taxable","18":"product-type-variable"},"acf":[],"_links":{"self":[{"href":"https:\/\/gajos.sk\/eshop\/wp-json\/wp\/v2\/product\/350017","targetHints":{"allow":["GET"]}}],"collection":[{"href":"https:\/\/gajos.sk\/eshop\/wp-json\/wp\/v2\/product"}],"about":[{"href":"https:\/\/gajos.sk\/eshop\/wp-json\/wp\/v2\/types\/product"}],"wp:featuredmedia":[{"embeddable":true,"href":"https:\/\/gajos.sk\/eshop\/wp-json\/wp\/v2\/media\/350019"}],"wp:attachment":[{"href":"https:\/\/gajos.sk\/eshop\/wp-json\/wp\/v2\/media?parent=350017"}],"wp:term":[{"taxonomy":"product_brand","embeddable":true,"href":"https:\/\/gajos.sk\/eshop\/wp-json\/wp\/v2\/product_brand?post=350017"},{"taxonomy":"product_cat","embeddable":true,"href":"https:\/\/gajos.sk\/eshop\/wp-json\/wp\/v2\/product_cat?post=350017"},{"taxonomy":"product_tag","embeddable":true,"href":"https:\/\/gajos.sk\/eshop\/wp-json\/wp\/v2\/product_tag?post=350017"}],"curies":[{"name":"wp","href":"https:\/\/api.w.org\/{rel}","templated":true}]}}