{"id":350011,"date":"2024-03-01T22:36:02","date_gmt":"2024-03-01T21:36:02","guid":{"rendered":"https:\/\/gajostest.a2hosted.com\/eshop\/3m-280x-okuliare-bezp-zornik\/"},"modified":"2026-04-19T07:10:47","modified_gmt":"2026-04-19T05:10:47","slug":"3m-280x-okuliare-bezp-zornik","status":"publish","type":"product","link":"https:\/\/gajos.sk\/eshop\/p\/3m-280x-okuliare-bezp-zornik\/","title":{"rendered":"3M 280x okuliare bezp.zorn\u00edk"},"content":{"rendered":"","protected":false},"excerpt":{"rendered":"<p>Ochrann\u00e9 krycie okuliare (38 g), pevn\u00fd polykarbon\u00e1tov\u00fd zorn\u00edk s ochrannou vrstvou proti po\u0161kriabaniu, nastavite\u013en\u00e1 d\u013a\u017eka strann\u00edc (\u0161tyri polohy), skl\u00e1pac\u00ed zorn\u00edk, univerz\u00e1lne vyhotovenie umo\u017e\u0148uje pou\u017eitie s mnoh\u00fdmi r\u00f4znymi dioptrick\u00fdmi okuliarmi, m\u00e4kk\u00e9 strannice s n\u00edzkym profilom pre pohodlie a minim\u00e1lne ovplyv\u0148ovanie dioptrick\u00fdch okuliarov. Dod\u00e1vaj\u00fa sa v dvoch variantoch: \u010d\u00edre a \u017elt\u00e9 na zv\u00fd\u0161en\u00ed kontrastu pri slabom osvetlen\u00ed.<\/p>\n","protected":false},"featured_media":350013,"template":"","meta":{"_acf_changed":false,"inline_featured_image":false},"product_brand":[],"product_cat":[2130,2129,2128],"product_tag":[1275],"class_list":{"0":"post-350011","1":"product","2":"type-product","3":"status-publish","4":"has-post-thumbnail","6":"product_cat-okuliare","7":"product_cat-ochrana-oci","8":"product_cat-ochranne-pomocky","9":"product_tag-3m","10":"pa_farba-zlta","11":"pa_farba-cira","12":"pa_farba-tm-siva","14":"first","15":"instock","16":"taxable","17":"shipping-taxable","18":"purchasable","19":"product-type-variable"},"acf":[],"_links":{"self":[{"href":"https:\/\/gajos.sk\/eshop\/wp-json\/wp\/v2\/product\/350011","targetHints":{"allow":["GET"]}}],"collection":[{"href":"https:\/\/gajos.sk\/eshop\/wp-json\/wp\/v2\/product"}],"about":[{"href":"https:\/\/gajos.sk\/eshop\/wp-json\/wp\/v2\/types\/product"}],"wp:featuredmedia":[{"embeddable":true,"href":"https:\/\/gajos.sk\/eshop\/wp-json\/wp\/v2\/media\/350013"}],"wp:attachment":[{"href":"https:\/\/gajos.sk\/eshop\/wp-json\/wp\/v2\/media?parent=350011"}],"wp:term":[{"taxonomy":"product_brand","embeddable":true,"href":"https:\/\/gajos.sk\/eshop\/wp-json\/wp\/v2\/product_brand?post=350011"},{"taxonomy":"product_cat","embeddable":true,"href":"https:\/\/gajos.sk\/eshop\/wp-json\/wp\/v2\/product_cat?post=350011"},{"taxonomy":"product_tag","embeddable":true,"href":"https:\/\/gajos.sk\/eshop\/wp-json\/wp\/v2\/product_tag?post=350011"}],"curies":[{"name":"wp","href":"https:\/\/api.w.org\/{rel}","templated":true}]}}