{"id":349971,"date":"2024-03-01T22:35:36","date_gmt":"2024-03-01T21:35:36","guid":{"rendered":"https:\/\/gajostest.a2hosted.com\/eshop\/jsp-sonis-c-hygienicky-set\/"},"modified":"2026-04-30T22:07:04","modified_gmt":"2026-04-30T20:07:04","slug":"jsp-sonis-c-hygienicky-set","status":"publish","type":"product","link":"https:\/\/gajos.sk\/eshop\/p\/jsp-sonis-c-hygienicky-set\/","title":{"rendered":"JSP SONIS C hygienick\u00fd set"},"content":{"rendered":"","protected":false},"excerpt":{"rendered":"<p>Hygienick\u00e1 zostava navrhnut\u00e1 pre SONIS\u00aeCompact<br \/>\nN\u00e1hradn\u00e1 hygienick\u00e1 s\u00faprava ur\u010den\u00e1 pre chr\u00e1ni\u010de \u0161krup\u00edn SONIS\u00ae. \u013dahko sa nasadzuje jedin\u00fdm kliknut\u00edm, chr\u00e1ni\u010de sluchu udr\u017eiavaj\u00fa \u010dist\u00e9 a z\u00e1rove\u0148 predl\u017euj\u00fa ich \u017eivotnos\u0165. <\/p>\n<p>Sada Sonis\u00ae Hyginenic obsahuje:<br \/>\n\u2022 2 x penov\u00e1 vlo\u017eka<br \/>\n\u2022 2 x tesniaci kr\u00fa\u017eok<\/p>\n","protected":false},"featured_media":349973,"template":"","meta":{"_acf_changed":false,"inline_featured_image":false},"product_brand":[],"product_cat":[2487,2485,2128],"product_tag":[1209],"class_list":{"0":"post-349971","1":"product","2":"type-product","3":"status-publish","4":"has-post-thumbnail","6":"product_cat-prislusenstvo-ochrana-sluchu","7":"product_cat-ochrana-sluchu","8":"product_cat-ochranne-pomocky","9":"product_tag-jsp","10":"pa_velkost-uni","12":"first","13":"instock","14":"taxable","15":"shipping-taxable","16":"purchasable","17":"product-type-variable"},"acf":[],"_links":{"self":[{"href":"https:\/\/gajos.sk\/eshop\/wp-json\/wp\/v2\/product\/349971","targetHints":{"allow":["GET"]}}],"collection":[{"href":"https:\/\/gajos.sk\/eshop\/wp-json\/wp\/v2\/product"}],"about":[{"href":"https:\/\/gajos.sk\/eshop\/wp-json\/wp\/v2\/types\/product"}],"wp:featuredmedia":[{"embeddable":true,"href":"https:\/\/gajos.sk\/eshop\/wp-json\/wp\/v2\/media\/349973"}],"wp:attachment":[{"href":"https:\/\/gajos.sk\/eshop\/wp-json\/wp\/v2\/media?parent=349971"}],"wp:term":[{"taxonomy":"product_brand","embeddable":true,"href":"https:\/\/gajos.sk\/eshop\/wp-json\/wp\/v2\/product_brand?post=349971"},{"taxonomy":"product_cat","embeddable":true,"href":"https:\/\/gajos.sk\/eshop\/wp-json\/wp\/v2\/product_cat?post=349971"},{"taxonomy":"product_tag","embeddable":true,"href":"https:\/\/gajos.sk\/eshop\/wp-json\/wp\/v2\/product_tag?post=349971"}],"curies":[{"name":"wp","href":"https:\/\/api.w.org\/{rel}","templated":true}]}}