{"id":349965,"date":"2024-03-01T22:35:36","date_gmt":"2024-03-01T21:35:36","guid":{"rendered":"https:\/\/gajostest.a2hosted.com\/eshop\/jsp-sonis-2-hygienicky-set\/"},"modified":"2026-04-30T22:07:04","modified_gmt":"2026-04-30T20:07:04","slug":"jsp-sonis-2-hygienicky-set","status":"publish","type":"product","link":"https:\/\/gajos.sk\/eshop\/p\/jsp-sonis-2-hygienicky-set\/","title":{"rendered":"JSP SONIS 2 hygienick\u00fd set"},"content":{"rendered":"","protected":false},"excerpt":{"rendered":"<p>Hygienick\u00e1 zostava ur\u010den\u00e1 pre SONIS\u00ae2<br \/>\nN\u00e1hradn\u00e1 hygienick\u00e1 s\u00faprava ur\u010den\u00e1 pre mu\u0161\u013eov\u00e9 chr\u00e1ni\u010de SONIS\u00ae. Mo\u017eno \u013eahko nasadi\u0165 kliknut\u00edm, tak\u017ee mu\u0161\u013eov\u00e9 chr\u00e1ni\u010de sluchu udr\u017eia v \u010distote a z\u00e1rove\u0148 pred\u013a\u017eia ich \u017eivotnos\u0165.<\/p>\n<p>Sonis\u00ae Hyginenick\u00fd set obsahuje:<br \/>\n\u2022 2 x penov\u00fa vlo\u017eku<br \/>\n\u2022 2 x tesniaci kr\u00fa\u017eok<\/p>\n","protected":false},"featured_media":349967,"template":"","meta":{"_acf_changed":false,"inline_featured_image":false},"product_brand":[],"product_cat":[2487,2485,2128],"product_tag":[1209],"class_list":{"0":"post-349965","1":"product","2":"type-product","3":"status-publish","4":"has-post-thumbnail","6":"product_cat-prislusenstvo-ochrana-sluchu","7":"product_cat-ochrana-sluchu","8":"product_cat-ochranne-pomocky","9":"product_tag-jsp","10":"pa_velkost-uni","12":"first","13":"instock","14":"taxable","15":"shipping-taxable","16":"purchasable","17":"product-type-variable"},"acf":[],"_links":{"self":[{"href":"https:\/\/gajos.sk\/eshop\/wp-json\/wp\/v2\/product\/349965","targetHints":{"allow":["GET"]}}],"collection":[{"href":"https:\/\/gajos.sk\/eshop\/wp-json\/wp\/v2\/product"}],"about":[{"href":"https:\/\/gajos.sk\/eshop\/wp-json\/wp\/v2\/types\/product"}],"wp:featuredmedia":[{"embeddable":true,"href":"https:\/\/gajos.sk\/eshop\/wp-json\/wp\/v2\/media\/349967"}],"wp:attachment":[{"href":"https:\/\/gajos.sk\/eshop\/wp-json\/wp\/v2\/media?parent=349965"}],"wp:term":[{"taxonomy":"product_brand","embeddable":true,"href":"https:\/\/gajos.sk\/eshop\/wp-json\/wp\/v2\/product_brand?post=349965"},{"taxonomy":"product_cat","embeddable":true,"href":"https:\/\/gajos.sk\/eshop\/wp-json\/wp\/v2\/product_cat?post=349965"},{"taxonomy":"product_tag","embeddable":true,"href":"https:\/\/gajos.sk\/eshop\/wp-json\/wp\/v2\/product_tag?post=349965"}],"curies":[{"name":"wp","href":"https:\/\/api.w.org\/{rel}","templated":true}]}}