{"id":349951,"date":"2024-03-01T22:35:28","date_gmt":"2024-03-01T21:35:28","guid":{"rendered":"https:\/\/gajostest.a2hosted.com\/eshop\/e-a-r-one-touch-pro-davkovac-zatok\/"},"modified":"2026-04-19T07:10:46","modified_gmt":"2026-04-19T05:10:46","slug":"e-a-r-one-touch-pro-davkovac-zatok","status":"publish","type":"product","link":"https:\/\/gajos.sk\/eshop\/p\/e-a-r-one-touch-pro-davkovac-zatok\/","title":{"rendered":"E.A.R.One touch PRO d\u00e1vkova\u010d z\u00e1tok"},"content":{"rendered":"","protected":false},"excerpt":{"rendered":"<p>D\u00e1vkova\u010d z\u00e1tkov\u00fdch chr\u00e1ni\u010dov sluchu E\u00b7A\u00b7R soft, jednoduch\u00e1 obsluha jednou rukou, \u013eahko vymenite\u013en\u00e9 z\u00e1sobn\u00edky chr\u00e1ni\u010dov.<\/p>\n","protected":false},"featured_media":349953,"template":"","meta":{"_acf_changed":false,"inline_featured_image":false},"product_brand":[],"product_cat":[2487,2485,2128],"product_tag":[1275],"class_list":{"0":"post-349951","1":"product","2":"type-product","3":"status-publish","4":"has-post-thumbnail","6":"product_cat-prislusenstvo-ochrana-sluchu","7":"product_cat-ochrana-sluchu","8":"product_cat-ochranne-pomocky","9":"product_tag-3m","10":"pa_velkost-uni","12":"first","13":"instock","14":"taxable","15":"shipping-taxable","16":"purchasable","17":"product-type-variable"},"acf":[],"_links":{"self":[{"href":"https:\/\/gajos.sk\/eshop\/wp-json\/wp\/v2\/product\/349951","targetHints":{"allow":["GET"]}}],"collection":[{"href":"https:\/\/gajos.sk\/eshop\/wp-json\/wp\/v2\/product"}],"about":[{"href":"https:\/\/gajos.sk\/eshop\/wp-json\/wp\/v2\/types\/product"}],"wp:featuredmedia":[{"embeddable":true,"href":"https:\/\/gajos.sk\/eshop\/wp-json\/wp\/v2\/media\/349953"}],"wp:attachment":[{"href":"https:\/\/gajos.sk\/eshop\/wp-json\/wp\/v2\/media?parent=349951"}],"wp:term":[{"taxonomy":"product_brand","embeddable":true,"href":"https:\/\/gajos.sk\/eshop\/wp-json\/wp\/v2\/product_brand?post=349951"},{"taxonomy":"product_cat","embeddable":true,"href":"https:\/\/gajos.sk\/eshop\/wp-json\/wp\/v2\/product_cat?post=349951"},{"taxonomy":"product_tag","embeddable":true,"href":"https:\/\/gajos.sk\/eshop\/wp-json\/wp\/v2\/product_tag?post=349951"}],"curies":[{"name":"wp","href":"https:\/\/api.w.org\/{rel}","templated":true}]}}