{"id":349937,"date":"2024-03-01T22:35:20","date_gmt":"2024-03-01T21:35:20","guid":{"rendered":"https:\/\/gajostest.a2hosted.com\/eshop\/ed-davkovac-usnych-zatok\/"},"modified":"2026-04-30T22:07:04","modified_gmt":"2026-04-30T20:07:04","slug":"ed-davkovac-usnych-zatok","status":"publish","type":"product","link":"https:\/\/gajos.sk\/eshop\/p\/ed-davkovac-usnych-zatok\/","title":{"rendered":"ED D\u00c1VKOVA\u010c u\u0161n\u00fdch z\u00e1tok"},"content":{"rendered":"","protected":false},"excerpt":{"rendered":"<p>\u2022 \u010dierna farba, \u2022 z\u00e1sobn\u00edk na 750 p\u00e1rov, \u2022 mo\u017enos\u0165 upevnenia na stenu, \u2022 dod\u00e1van\u00fd bez n\u00e1plne<\/p>\n","protected":false},"featured_media":349939,"template":"","meta":{"_acf_changed":false,"inline_featured_image":false},"product_brand":[],"product_cat":[2487,2485,2128],"product_tag":[1179],"class_list":{"0":"post-349937","1":"product","2":"type-product","3":"status-publish","4":"has-post-thumbnail","6":"product_cat-prislusenstvo-ochrana-sluchu","7":"product_cat-ochrana-sluchu","8":"product_cat-ochranne-pomocky","9":"product_tag-cerva","10":"pa_velkost-uni","12":"first","13":"instock","14":"taxable","15":"shipping-taxable","16":"purchasable","17":"product-type-variable"},"acf":[],"_links":{"self":[{"href":"https:\/\/gajos.sk\/eshop\/wp-json\/wp\/v2\/product\/349937","targetHints":{"allow":["GET"]}}],"collection":[{"href":"https:\/\/gajos.sk\/eshop\/wp-json\/wp\/v2\/product"}],"about":[{"href":"https:\/\/gajos.sk\/eshop\/wp-json\/wp\/v2\/types\/product"}],"wp:featuredmedia":[{"embeddable":true,"href":"https:\/\/gajos.sk\/eshop\/wp-json\/wp\/v2\/media\/349939"}],"wp:attachment":[{"href":"https:\/\/gajos.sk\/eshop\/wp-json\/wp\/v2\/media?parent=349937"}],"wp:term":[{"taxonomy":"product_brand","embeddable":true,"href":"https:\/\/gajos.sk\/eshop\/wp-json\/wp\/v2\/product_brand?post=349937"},{"taxonomy":"product_cat","embeddable":true,"href":"https:\/\/gajos.sk\/eshop\/wp-json\/wp\/v2\/product_cat?post=349937"},{"taxonomy":"product_tag","embeddable":true,"href":"https:\/\/gajos.sk\/eshop\/wp-json\/wp\/v2\/product_tag?post=349937"}],"curies":[{"name":"wp","href":"https:\/\/api.w.org\/{rel}","templated":true}]}}