{"id":349932,"date":"2024-03-01T22:35:12","date_gmt":"2024-03-01T21:35:12","guid":{"rendered":"https:\/\/gajostest.a2hosted.com\/eshop\/ed-99400-hygienicky-set-sluchatka-ed-12\/"},"modified":"2026-04-30T22:07:04","modified_gmt":"2026-04-30T20:07:04","slug":"ed-99400-hygienicky-set-sluchatka-ed-12","status":"publish","type":"product","link":"https:\/\/gajos.sk\/eshop\/p\/ed-99400-hygienicky-set-sluchatka-ed-12\/","title":{"rendered":"ED 99400 hygienick\u00fd set-sluch\u00e1tka ED 1&#038;2"},"content":{"rendered":"","protected":false},"excerpt":{"rendered":"<p>ED 99400 hygienick\u00fd set-sl\u00fachadl\u00e1 ED 1&#038;2<\/p>\n","protected":false},"featured_media":349934,"template":"","meta":{"_acf_changed":false,"inline_featured_image":false},"product_brand":[],"product_cat":[2487,2485,2128],"product_tag":[2490],"class_list":{"0":"post-349932","1":"product","2":"type-product","3":"status-publish","4":"has-post-thumbnail","6":"product_cat-prislusenstvo-ochrana-sluchu","7":"product_cat-ochrana-sluchu","8":"product_cat-ochranne-pomocky","9":"product_tag-ear-defender","10":"pa_velkost-uni","12":"first","13":"instock","14":"taxable","15":"shipping-taxable","16":"purchasable","17":"product-type-variable"},"acf":[],"_links":{"self":[{"href":"https:\/\/gajos.sk\/eshop\/wp-json\/wp\/v2\/product\/349932","targetHints":{"allow":["GET"]}}],"collection":[{"href":"https:\/\/gajos.sk\/eshop\/wp-json\/wp\/v2\/product"}],"about":[{"href":"https:\/\/gajos.sk\/eshop\/wp-json\/wp\/v2\/types\/product"}],"wp:featuredmedia":[{"embeddable":true,"href":"https:\/\/gajos.sk\/eshop\/wp-json\/wp\/v2\/media\/349934"}],"wp:attachment":[{"href":"https:\/\/gajos.sk\/eshop\/wp-json\/wp\/v2\/media?parent=349932"}],"wp:term":[{"taxonomy":"product_brand","embeddable":true,"href":"https:\/\/gajos.sk\/eshop\/wp-json\/wp\/v2\/product_brand?post=349932"},{"taxonomy":"product_cat","embeddable":true,"href":"https:\/\/gajos.sk\/eshop\/wp-json\/wp\/v2\/product_cat?post=349932"},{"taxonomy":"product_tag","embeddable":true,"href":"https:\/\/gajos.sk\/eshop\/wp-json\/wp\/v2\/product_tag?post=349932"}],"curies":[{"name":"wp","href":"https:\/\/api.w.org\/{rel}","templated":true}]}}