{"id":349892,"date":"2024-03-01T22:33:53","date_gmt":"2024-03-01T21:33:53","guid":{"rendered":"https:\/\/gajostest.a2hosted.com\/eshop\/17-p-sluchadla-k-prilbe-curro\/"},"modified":"2026-05-01T22:06:53","modified_gmt":"2026-05-01T20:06:53","slug":"17-p-sluchadla-k-prilbe-curro","status":"publish","type":"product","link":"https:\/\/gajos.sk\/eshop\/p\/17-p-sluchadla-k-prilbe-curro\/","title":{"rendered":"17-P sl\u00fachadl\u00e1 k prilbe CURRO"},"content":{"rendered":"","protected":false},"excerpt":{"rendered":"<p>Navr\u017eeno pro optim\u00e1ln\u00ed ochranu u\u017eivatele p\u0159ed neust\u00e1l\u00fdm vystaven\u00edm hlasit\u00e9mu hluku a sn\u00ed\u017een\u00ed jeho \u0161kodliv\u00fdch \u00fa\u010dink\u016f.<\/p>\n<p>H = 31 dB<br \/>\nM = 28 dB<br \/>\nL = 21 dB<br \/>\nSNR = 30 dB<\/p>\n<p>Vyhovuje velikostem: S, M a L.<\/p>\n","protected":false},"featured_media":349894,"template":"","meta":{"_acf_changed":false,"inline_featured_image":false},"product_brand":[],"product_cat":[2489,2485,2128],"product_tag":[2488],"class_list":{"0":"post-349892","1":"product","2":"type-product","3":"status-publish","4":"has-post-thumbnail","6":"product_cat-muslove-chranice","7":"product_cat-ochrana-sluchu","8":"product_cat-ochranne-pomocky","9":"product_tag-climax","10":"pa_velkost-uni","12":"first","13":"instock","14":"taxable","15":"shipping-taxable","16":"purchasable","17":"product-type-variable"},"acf":[],"_links":{"self":[{"href":"https:\/\/gajos.sk\/eshop\/wp-json\/wp\/v2\/product\/349892","targetHints":{"allow":["GET"]}}],"collection":[{"href":"https:\/\/gajos.sk\/eshop\/wp-json\/wp\/v2\/product"}],"about":[{"href":"https:\/\/gajos.sk\/eshop\/wp-json\/wp\/v2\/types\/product"}],"wp:featuredmedia":[{"embeddable":true,"href":"https:\/\/gajos.sk\/eshop\/wp-json\/wp\/v2\/media\/349894"}],"wp:attachment":[{"href":"https:\/\/gajos.sk\/eshop\/wp-json\/wp\/v2\/media?parent=349892"}],"wp:term":[{"taxonomy":"product_brand","embeddable":true,"href":"https:\/\/gajos.sk\/eshop\/wp-json\/wp\/v2\/product_brand?post=349892"},{"taxonomy":"product_cat","embeddable":true,"href":"https:\/\/gajos.sk\/eshop\/wp-json\/wp\/v2\/product_cat?post=349892"},{"taxonomy":"product_tag","embeddable":true,"href":"https:\/\/gajos.sk\/eshop\/wp-json\/wp\/v2\/product_tag?post=349892"}],"curies":[{"name":"wp","href":"https:\/\/api.w.org\/{rel}","templated":true}]}}