{"id":349869,"date":"2024-03-01T22:33:34","date_gmt":"2024-03-01T21:33:34","guid":{"rendered":"https:\/\/gajostest.a2hosted.com\/eshop\/jsp-sonis-c-sluchadla\/"},"modified":"2026-04-20T00:54:37","modified_gmt":"2026-04-19T22:54:37","slug":"jsp-sonis-c-sluchadla","status":"publish","type":"product","link":"https:\/\/gajos.sk\/eshop\/p\/jsp-sonis-c-sluchadla\/","title":{"rendered":"JSP SONIS C sl\u00fachadla"},"content":{"rendered":"","protected":false},"excerpt":{"rendered":"<p>\u2022 Mu\u0161\u013eov\u00e9 chr\u00e1ni\u010de sluchu Sonis\u2122 s \u00fatlmom SNR 32 dB<br \/>\n\u2022 Prevedenie chr\u00e1ni\u010dov v Hi-vis farb\u00e1ch<br \/>\n\u2022 Mo\u017enos\u0165 optim\u00e1lneho nastavenia polohy chr\u00e1ni\u010da a zaistenie ide\u00e1lneho komfortu a rozlo\u017eenia tlaku.<br \/>\n\u2022 Jednoduch\u00e1 \u00fadr\u017eba PET a penou plnen\u00fdch tesniacich vank\u00fa\u0161ikov a tesniacich kr\u00fa\u017ekov.<br \/>\n\u2022 Mo\u017enos\u0165 r\u00f4zneho farebn\u00e9ho prevedenia mu\u0161l\u00ed a natla\u010denie firemn\u00e9ho loga pod\u013ea po\u017eiadaviek z\u00e1kazn\u00edka. Informujte sa na MOQ.<br \/>\n\u2022 H\u013abka: 100mm<br \/>\n\u2022 \u0160\u00edrka: 130mm<br \/>\n\u2022 V\u00fd\u0161ka: 186mm<br \/>\n\u2022 V\u00e1ha: 241 g<\/p>\n","protected":false},"featured_media":349871,"template":"","meta":{"_acf_changed":false,"inline_featured_image":false},"product_brand":[],"product_cat":[2489,2485,2128],"product_tag":[1209],"class_list":{"0":"post-349869","1":"product","2":"type-product","3":"status-publish","4":"has-post-thumbnail","6":"product_cat-muslove-chranice","7":"product_cat-ochrana-sluchu","8":"product_cat-ochranne-pomocky","9":"product_tag-jsp","10":"pa_velkost-uni","12":"first","13":"instock","14":"taxable","15":"shipping-taxable","16":"purchasable","17":"product-type-variable"},"acf":[],"_links":{"self":[{"href":"https:\/\/gajos.sk\/eshop\/wp-json\/wp\/v2\/product\/349869","targetHints":{"allow":["GET"]}}],"collection":[{"href":"https:\/\/gajos.sk\/eshop\/wp-json\/wp\/v2\/product"}],"about":[{"href":"https:\/\/gajos.sk\/eshop\/wp-json\/wp\/v2\/types\/product"}],"wp:featuredmedia":[{"embeddable":true,"href":"https:\/\/gajos.sk\/eshop\/wp-json\/wp\/v2\/media\/349871"}],"wp:attachment":[{"href":"https:\/\/gajos.sk\/eshop\/wp-json\/wp\/v2\/media?parent=349869"}],"wp:term":[{"taxonomy":"product_brand","embeddable":true,"href":"https:\/\/gajos.sk\/eshop\/wp-json\/wp\/v2\/product_brand?post=349869"},{"taxonomy":"product_cat","embeddable":true,"href":"https:\/\/gajos.sk\/eshop\/wp-json\/wp\/v2\/product_cat?post=349869"},{"taxonomy":"product_tag","embeddable":true,"href":"https:\/\/gajos.sk\/eshop\/wp-json\/wp\/v2\/product_tag?post=349869"}],"curies":[{"name":"wp","href":"https:\/\/api.w.org\/{rel}","templated":true}]}}