{"id":349839,"date":"2024-03-01T22:33:12","date_gmt":"2024-03-01T21:33:12","guid":{"rendered":"https:\/\/gajostest.a2hosted.com\/eshop\/secure-1h-sluchatka\/"},"modified":"2026-04-30T22:07:03","modified_gmt":"2026-04-30T20:07:03","slug":"secure-1h-sluchatka","status":"publish","type":"product","link":"https:\/\/gajos.sk\/eshop\/p\/secure-1h-sluchatka\/","title":{"rendered":"SECURE 1H sluch\u00e1tka"},"content":{"rendered":"","protected":false},"excerpt":{"rendered":"<p>Dostupn\u00fd v dvoch ve\u013ekostiach (M, L) a dvoch baleniach (3 kusy, 25 kusov).<\/p>\n","protected":false},"featured_media":349841,"template":"","meta":{"_acf_changed":false,"inline_featured_image":false},"product_brand":[],"product_cat":[2489,2485,2128],"product_tag":[2490],"class_list":{"0":"post-349839","1":"product","2":"type-product","3":"status-publish","4":"has-post-thumbnail","6":"product_cat-muslove-chranice","7":"product_cat-ochrana-sluchu","8":"product_cat-ochranne-pomocky","9":"product_tag-ear-defender","10":"pa_velkost-uni","12":"first","13":"instock","14":"taxable","15":"shipping-taxable","16":"purchasable","17":"product-type-variable"},"acf":[],"_links":{"self":[{"href":"https:\/\/gajos.sk\/eshop\/wp-json\/wp\/v2\/product\/349839","targetHints":{"allow":["GET"]}}],"collection":[{"href":"https:\/\/gajos.sk\/eshop\/wp-json\/wp\/v2\/product"}],"about":[{"href":"https:\/\/gajos.sk\/eshop\/wp-json\/wp\/v2\/types\/product"}],"wp:featuredmedia":[{"embeddable":true,"href":"https:\/\/gajos.sk\/eshop\/wp-json\/wp\/v2\/media\/349841"}],"wp:attachment":[{"href":"https:\/\/gajos.sk\/eshop\/wp-json\/wp\/v2\/media?parent=349839"}],"wp:term":[{"taxonomy":"product_brand","embeddable":true,"href":"https:\/\/gajos.sk\/eshop\/wp-json\/wp\/v2\/product_brand?post=349839"},{"taxonomy":"product_cat","embeddable":true,"href":"https:\/\/gajos.sk\/eshop\/wp-json\/wp\/v2\/product_cat?post=349839"},{"taxonomy":"product_tag","embeddable":true,"href":"https:\/\/gajos.sk\/eshop\/wp-json\/wp\/v2\/product_tag?post=349839"}],"curies":[{"name":"wp","href":"https:\/\/api.w.org\/{rel}","templated":true}]}}