{"id":349819,"date":"2024-03-01T22:33:03","date_gmt":"2024-03-01T21:33:03","guid":{"rendered":"https:\/\/gajostest.a2hosted.com\/eshop\/jsp-sonis-c-sluchadla-pre-prilbu\/"},"modified":"2026-04-20T00:54:36","modified_gmt":"2026-04-19T22:54:36","slug":"jsp-sonis-c-sluchadla-pre-prilbu","status":"publish","type":"product","link":"https:\/\/gajos.sk\/eshop\/p\/jsp-sonis-c-sluchadla-pre-prilbu\/","title":{"rendered":"JSP SONIS C sl\u00fachadla pre prilbu"},"content":{"rendered":"","protected":false},"excerpt":{"rendered":"<p>Mu\u0161\u013eov\u00e9 chr\u00e1ni\u010de sluchu Sonis\u00ae vo variante upevnenia na prilbu s \u00fatlmom a\u017e 31 dB. Mo\u017enos\u0165 optim\u00e1lneho nastavenia polohy chr\u00e1ni\u010da a zaistenie ide\u00e1lneho komfortu a rozlo\u017eenia tlaku. Jednoduch\u00e1 \u00fadr\u017eba PET a penou plnen\u00fdch tesniacich vank\u00fa\u0161ikov a tesniacich kr\u00fa\u017ekov. Mo\u017enos\u0165 r\u00f4zneho farebn\u00e9ho prevedenia mu\u0161l\u00ed a natla\u010denia firemn\u00e9ho loga pod\u013ea po\u017eiadaviek z\u00e1kazn\u00edka. Informujte sa na MOQ. Univerz\u00e1lne sloty prilieb JSP &#8211; jednoduch\u00e9 nasadenie chr\u00e1ni\u010dov sluchu Sonis\u00ae, mo\u017enos\u0165 kombin\u00e1cie s ochrann\u00fdm \u0161t\u00edtom  JSP Surefit \u2122.<\/p>\n","protected":false},"featured_media":349821,"template":"","meta":{"_acf_changed":false,"inline_featured_image":false},"product_brand":[],"product_cat":[2489,2485,2128],"product_tag":[1209],"class_list":{"0":"post-349819","1":"product","2":"type-product","3":"status-publish","4":"has-post-thumbnail","6":"product_cat-muslove-chranice","7":"product_cat-ochrana-sluchu","8":"product_cat-ochranne-pomocky","9":"product_tag-jsp","10":"pa_velkost-uni","12":"first","13":"instock","14":"taxable","15":"shipping-taxable","16":"purchasable","17":"product-type-variable"},"acf":[],"_links":{"self":[{"href":"https:\/\/gajos.sk\/eshop\/wp-json\/wp\/v2\/product\/349819","targetHints":{"allow":["GET"]}}],"collection":[{"href":"https:\/\/gajos.sk\/eshop\/wp-json\/wp\/v2\/product"}],"about":[{"href":"https:\/\/gajos.sk\/eshop\/wp-json\/wp\/v2\/types\/product"}],"wp:featuredmedia":[{"embeddable":true,"href":"https:\/\/gajos.sk\/eshop\/wp-json\/wp\/v2\/media\/349821"}],"wp:attachment":[{"href":"https:\/\/gajos.sk\/eshop\/wp-json\/wp\/v2\/media?parent=349819"}],"wp:term":[{"taxonomy":"product_brand","embeddable":true,"href":"https:\/\/gajos.sk\/eshop\/wp-json\/wp\/v2\/product_brand?post=349819"},{"taxonomy":"product_cat","embeddable":true,"href":"https:\/\/gajos.sk\/eshop\/wp-json\/wp\/v2\/product_cat?post=349819"},{"taxonomy":"product_tag","embeddable":true,"href":"https:\/\/gajos.sk\/eshop\/wp-json\/wp\/v2\/product_tag?post=349819"}],"curies":[{"name":"wp","href":"https:\/\/api.w.org\/{rel}","templated":true}]}}