{"id":349795,"date":"2024-03-01T22:31:52","date_gmt":"2024-03-01T21:31:52","guid":{"rendered":"https:\/\/gajostest.a2hosted.com\/eshop\/peltor-h505b-596-sv-sluch-svarecske-krcn\/"},"modified":"2026-04-19T07:10:46","modified_gmt":"2026-04-19T05:10:46","slug":"peltor-h505b-596-sv-sluch-svarecske-krcn","status":"publish","type":"product","link":"https:\/\/gajos.sk\/eshop\/p\/peltor-h505b-596-sv-sluch-svarecske-krcn\/","title":{"rendered":"Peltor H505B-596-SV Sluch sv\u00e1\u0159e\u010dsk\u00e9 kr\u010dn"},"content":{"rendered":"","protected":false},"excerpt":{"rendered":"<p>Prv\u00e9 mu\u0161\u013eov\u00e9 chr\u00e1ni\u010de sluchu kon\u0161truovan\u00e9 pre zv\u00e1ra\u010dov. N\u00edzka hmotnos\u0165 a n\u00edzky profil, v\u010faka ktor\u00e9mu perfektne padn\u00fa pod zv\u00e1raciu kuklu.<\/p>\n","protected":false},"featured_media":349797,"template":"","meta":{"_acf_changed":false,"inline_featured_image":false},"product_brand":[],"product_cat":[2489,2485,2128],"product_tag":[1275],"class_list":{"0":"post-349795","1":"product","2":"type-product","3":"status-publish","4":"has-post-thumbnail","6":"product_cat-muslove-chranice","7":"product_cat-ochrana-sluchu","8":"product_cat-ochranne-pomocky","9":"product_tag-3m","10":"pa_velkost-uni","12":"first","13":"instock","14":"taxable","15":"shipping-taxable","16":"purchasable","17":"product-type-variable"},"acf":[],"_links":{"self":[{"href":"https:\/\/gajos.sk\/eshop\/wp-json\/wp\/v2\/product\/349795","targetHints":{"allow":["GET"]}}],"collection":[{"href":"https:\/\/gajos.sk\/eshop\/wp-json\/wp\/v2\/product"}],"about":[{"href":"https:\/\/gajos.sk\/eshop\/wp-json\/wp\/v2\/types\/product"}],"wp:featuredmedia":[{"embeddable":true,"href":"https:\/\/gajos.sk\/eshop\/wp-json\/wp\/v2\/media\/349797"}],"wp:attachment":[{"href":"https:\/\/gajos.sk\/eshop\/wp-json\/wp\/v2\/media?parent=349795"}],"wp:term":[{"taxonomy":"product_brand","embeddable":true,"href":"https:\/\/gajos.sk\/eshop\/wp-json\/wp\/v2\/product_brand?post=349795"},{"taxonomy":"product_cat","embeddable":true,"href":"https:\/\/gajos.sk\/eshop\/wp-json\/wp\/v2\/product_cat?post=349795"},{"taxonomy":"product_tag","embeddable":true,"href":"https:\/\/gajos.sk\/eshop\/wp-json\/wp\/v2\/product_tag?post=349795"}],"curies":[{"name":"wp","href":"https:\/\/api.w.org\/{rel}","templated":true}]}}