{"id":349792,"date":"2024-03-01T22:31:52","date_gmt":"2024-03-01T21:31:52","guid":{"rendered":"https:\/\/gajostest.a2hosted.com\/eshop\/ff-ems-gs-01-002-sluchadla-cervena\/"},"modified":"2026-05-07T21:52:28","modified_gmt":"2026-05-07T19:52:28","slug":"ff-ems-gs-01-002-sluchadla-cervena","status":"publish","type":"product","link":"https:\/\/gajos.sk\/eshop\/p\/ff-ems-gs-01-002-sluchadla-cervena\/","title":{"rendered":"FF EMS GS-01-002 sl\u00fachadla \u010derven\u00e1"},"content":{"rendered":"","protected":false},"excerpt":{"rendered":"<p>Mu\u0161\u013eov\u00e9 chr\u00e1ni\u010de sluchu, hlavov\u00fd obl\u00fak z materi\u00e1lu EVA.<\/p>\n","protected":false},"featured_media":349794,"template":"","meta":{"_acf_changed":false,"inline_featured_image":false},"product_brand":[],"product_cat":[2489,2485,2128],"product_tag":[1228],"class_list":{"0":"post-349792","1":"product","2":"type-product","3":"status-publish","4":"has-post-thumbnail","6":"product_cat-muslove-chranice","7":"product_cat-ochrana-sluchu","8":"product_cat-ochranne-pomocky","9":"product_tag-fridrich-fridrich","10":"pa_velkost-uni","12":"first","13":"instock","14":"taxable","15":"shipping-taxable","16":"product-type-variable"},"acf":[],"_links":{"self":[{"href":"https:\/\/gajos.sk\/eshop\/wp-json\/wp\/v2\/product\/349792","targetHints":{"allow":["GET"]}}],"collection":[{"href":"https:\/\/gajos.sk\/eshop\/wp-json\/wp\/v2\/product"}],"about":[{"href":"https:\/\/gajos.sk\/eshop\/wp-json\/wp\/v2\/types\/product"}],"wp:featuredmedia":[{"embeddable":true,"href":"https:\/\/gajos.sk\/eshop\/wp-json\/wp\/v2\/media\/349794"}],"wp:attachment":[{"href":"https:\/\/gajos.sk\/eshop\/wp-json\/wp\/v2\/media?parent=349792"}],"wp:term":[{"taxonomy":"product_brand","embeddable":true,"href":"https:\/\/gajos.sk\/eshop\/wp-json\/wp\/v2\/product_brand?post=349792"},{"taxonomy":"product_cat","embeddable":true,"href":"https:\/\/gajos.sk\/eshop\/wp-json\/wp\/v2\/product_cat?post=349792"},{"taxonomy":"product_tag","embeddable":true,"href":"https:\/\/gajos.sk\/eshop\/wp-json\/wp\/v2\/product_tag?post=349792"}],"curies":[{"name":"wp","href":"https:\/\/api.w.org\/{rel}","templated":true}]}}