{"id":349780,"date":"2024-03-01T22:31:43","date_gmt":"2024-03-01T21:31:43","guid":{"rendered":"https:\/\/gajostest.a2hosted.com\/eshop\/3m-peltor-pc-stit-sluch-g500v5fh510-gu\/"},"modified":"2026-04-19T07:10:46","modified_gmt":"2026-04-19T05:10:46","slug":"3m-peltor-pc-stit-sluch-g500v5fh510-gu","status":"publish","type":"product","link":"https:\/\/gajos.sk\/eshop\/p\/3m-peltor-pc-stit-sluch-g500v5fh510-gu\/","title":{"rendered":"3M PELTOR PC \u0161t\u00edt\/sluch.G500V5FH510-GU"},"content":{"rendered":"","protected":false},"excerpt":{"rendered":"<p>Kombin\u00e1cia n\u00e1hlavn\u00e9ho syst\u00e9mu 3M G500 s \u010d\u00edrym polykarbon\u00e1tov\u00fdm tv\u00e1rov\u00fdm \u0161t\u00edtom a sl\u00fachadlami OPTIME I SNR: 26 dB.<\/p>\n","protected":false},"featured_media":349782,"template":"","meta":{"_acf_changed":false,"inline_featured_image":false},"product_brand":[],"product_cat":[2489,2485,2128],"product_tag":[1275],"class_list":{"0":"post-349780","1":"product","2":"type-product","3":"status-publish","4":"has-post-thumbnail","6":"product_cat-muslove-chranice","7":"product_cat-ochrana-sluchu","8":"product_cat-ochranne-pomocky","9":"product_tag-3m","10":"pa_velkost-uni","12":"first","13":"instock","14":"taxable","15":"shipping-taxable","16":"purchasable","17":"product-type-variable"},"acf":[],"_links":{"self":[{"href":"https:\/\/gajos.sk\/eshop\/wp-json\/wp\/v2\/product\/349780","targetHints":{"allow":["GET"]}}],"collection":[{"href":"https:\/\/gajos.sk\/eshop\/wp-json\/wp\/v2\/product"}],"about":[{"href":"https:\/\/gajos.sk\/eshop\/wp-json\/wp\/v2\/types\/product"}],"wp:featuredmedia":[{"embeddable":true,"href":"https:\/\/gajos.sk\/eshop\/wp-json\/wp\/v2\/media\/349782"}],"wp:attachment":[{"href":"https:\/\/gajos.sk\/eshop\/wp-json\/wp\/v2\/media?parent=349780"}],"wp:term":[{"taxonomy":"product_brand","embeddable":true,"href":"https:\/\/gajos.sk\/eshop\/wp-json\/wp\/v2\/product_brand?post=349780"},{"taxonomy":"product_cat","embeddable":true,"href":"https:\/\/gajos.sk\/eshop\/wp-json\/wp\/v2\/product_cat?post=349780"},{"taxonomy":"product_tag","embeddable":true,"href":"https:\/\/gajos.sk\/eshop\/wp-json\/wp\/v2\/product_tag?post=349780"}],"curies":[{"name":"wp","href":"https:\/\/api.w.org\/{rel}","templated":true}]}}