{"id":349777,"date":"2024-03-01T22:31:43","date_gmt":"2024-03-01T21:31:43","guid":{"rendered":"https:\/\/gajostest.a2hosted.com\/eshop\/3m-peltor-drot-stit-sluch-g500v5ch510-or\/"},"modified":"2026-04-19T07:10:46","modified_gmt":"2026-04-19T05:10:46","slug":"3m-peltor-drot-stit-sluch-g500v5ch510-or","status":"publish","type":"product","link":"https:\/\/gajos.sk\/eshop\/p\/3m-peltor-drot-stit-sluch-g500v5ch510-or\/","title":{"rendered":"3M PELTOR dr\u00f4t.\u0161t\u00edt\/sluch.G500V5CH510-OR"},"content":{"rendered":"","protected":false},"excerpt":{"rendered":"<p>Kombin\u00e1cia n\u00e1hlavn\u00e9ho syst\u00e9mu 3M G500 s dr\u00f4ten\u00fdm tv\u00e1rov\u00fdm \u0161t\u00edtom z nerezovej ocele 5C a sl\u00fachadlami OPTIME I SNR: 26 dB.<\/p>\n","protected":false},"featured_media":349779,"template":"","meta":{"_acf_changed":false,"inline_featured_image":false},"product_brand":[],"product_cat":[2489,2485,2128],"product_tag":[1275],"class_list":{"0":"post-349777","1":"product","2":"type-product","3":"status-publish","4":"has-post-thumbnail","6":"product_cat-muslove-chranice","7":"product_cat-ochrana-sluchu","8":"product_cat-ochranne-pomocky","9":"product_tag-3m","10":"pa_velkost-uni","12":"first","13":"instock","14":"taxable","15":"shipping-taxable","16":"purchasable","17":"product-type-variable"},"acf":[],"_links":{"self":[{"href":"https:\/\/gajos.sk\/eshop\/wp-json\/wp\/v2\/product\/349777","targetHints":{"allow":["GET"]}}],"collection":[{"href":"https:\/\/gajos.sk\/eshop\/wp-json\/wp\/v2\/product"}],"about":[{"href":"https:\/\/gajos.sk\/eshop\/wp-json\/wp\/v2\/types\/product"}],"wp:featuredmedia":[{"embeddable":true,"href":"https:\/\/gajos.sk\/eshop\/wp-json\/wp\/v2\/media\/349779"}],"wp:attachment":[{"href":"https:\/\/gajos.sk\/eshop\/wp-json\/wp\/v2\/media?parent=349777"}],"wp:term":[{"taxonomy":"product_brand","embeddable":true,"href":"https:\/\/gajos.sk\/eshop\/wp-json\/wp\/v2\/product_brand?post=349777"},{"taxonomy":"product_cat","embeddable":true,"href":"https:\/\/gajos.sk\/eshop\/wp-json\/wp\/v2\/product_cat?post=349777"},{"taxonomy":"product_tag","embeddable":true,"href":"https:\/\/gajos.sk\/eshop\/wp-json\/wp\/v2\/product_tag?post=349777"}],"curies":[{"name":"wp","href":"https:\/\/api.w.org\/{rel}","templated":true}]}}