{"id":349774,"date":"2024-03-01T22:31:43","date_gmt":"2024-03-01T21:31:43","guid":{"rendered":"https:\/\/gajostest.a2hosted.com\/eshop\/3m-peltor-x5p5e-sv-sluch-prilba\/"},"modified":"2026-04-19T07:10:45","modified_gmt":"2026-04-19T05:10:45","slug":"3m-peltor-x5p5e-sv-sluch-prilba","status":"publish","type":"product","link":"https:\/\/gajos.sk\/eshop\/p\/3m-peltor-x5p5e-sv-sluch-prilba\/","title":{"rendered":"3M Peltor X5P5E-SV Sluch. prilba"},"content":{"rendered":"","protected":false},"excerpt":{"rendered":"<p>&#8222;\u013dahk\u00e1 kon\u0161trukcia s dielektrick\u00fdm \u00fachytom na prilbu. Kompatibiln\u00e1 s prostriedkami na ochranu zraku a filtra\u010dn\u00fdmi polomaskami 3M. Na pou\u017eitie v prostred\u00ed s extr\u00e9mne vysokou \u00farov\u0148ou hluku, kde je obvykle nutn\u00e1 dvojit\u00e1 ochrana, tj. pri \u0165a\u017ebe, v papierenskom priemysle at\u010f. Hmotnos\u0165 353 g. X5 pon\u00faka unik\u00e1tny \u00fatlm SNR 36 dB \u2013 NAJVY\u0160\u0160IA HODNOTA NA TRHU S MU\u0160\u013dOV\u00ddMI CHR\u00c1NI\u010cMI.&#8220;<\/p>\n","protected":false},"featured_media":349776,"template":"","meta":{"_acf_changed":false,"inline_featured_image":false},"product_brand":[],"product_cat":[2489,2485,2128],"product_tag":[1275],"class_list":{"0":"post-349774","1":"product","2":"type-product","3":"status-publish","4":"has-post-thumbnail","6":"product_cat-muslove-chranice","7":"product_cat-ochrana-sluchu","8":"product_cat-ochranne-pomocky","9":"product_tag-3m","10":"pa_velkost-uni","12":"first","13":"instock","14":"taxable","15":"shipping-taxable","16":"purchasable","17":"product-type-variable"},"acf":[],"_links":{"self":[{"href":"https:\/\/gajos.sk\/eshop\/wp-json\/wp\/v2\/product\/349774","targetHints":{"allow":["GET"]}}],"collection":[{"href":"https:\/\/gajos.sk\/eshop\/wp-json\/wp\/v2\/product"}],"about":[{"href":"https:\/\/gajos.sk\/eshop\/wp-json\/wp\/v2\/types\/product"}],"wp:featuredmedia":[{"embeddable":true,"href":"https:\/\/gajos.sk\/eshop\/wp-json\/wp\/v2\/media\/349776"}],"wp:attachment":[{"href":"https:\/\/gajos.sk\/eshop\/wp-json\/wp\/v2\/media?parent=349774"}],"wp:term":[{"taxonomy":"product_brand","embeddable":true,"href":"https:\/\/gajos.sk\/eshop\/wp-json\/wp\/v2\/product_brand?post=349774"},{"taxonomy":"product_cat","embeddable":true,"href":"https:\/\/gajos.sk\/eshop\/wp-json\/wp\/v2\/product_cat?post=349774"},{"taxonomy":"product_tag","embeddable":true,"href":"https:\/\/gajos.sk\/eshop\/wp-json\/wp\/v2\/product_tag?post=349774"}],"curies":[{"name":"wp","href":"https:\/\/api.w.org\/{rel}","templated":true}]}}