{"id":349768,"date":"2024-03-01T22:31:34","date_gmt":"2024-03-01T21:31:34","guid":{"rendered":"https:\/\/gajostest.a2hosted.com\/eshop\/3m-peltor-x4p5e-gb-sluch-prilba\/"},"modified":"2026-04-19T07:10:45","modified_gmt":"2026-04-19T05:10:45","slug":"3m-peltor-x4p5e-gb-sluch-prilba","status":"publish","type":"product","link":"https:\/\/gajos.sk\/eshop\/p\/3m-peltor-x4p5e-gb-sluch-prilba\/","title":{"rendered":"3M Peltor X4P5E-GB Sluch. prilba"},"content":{"rendered":"","protected":false},"excerpt":{"rendered":"<p>&#8222;\u013dahk\u00e1 kon\u0161trukcia s dielektrick\u00fdm \u00fachytom na prilbu. Kompatibiln\u00e1 s prostriedkami na ochranu zraku a filtra\u010dn\u00fdmi polomaskami 3M. Na pou\u017eitie pri vysokej \u00farovni hluku v r\u00f4znych odvetviach priemyslu. Hmotnos\u0165 236 g. X4 dok\u00e1\u017eu pri ve\u013emi n\u00edzkom profile a hmotnosti, dosiahnu\u0165 neuverite\u013ene vysok\u00fd \u00fatlm 32 dB SNR.&#8220;<\/p>\n","protected":false},"featured_media":349770,"template":"","meta":{"_acf_changed":false,"inline_featured_image":false},"product_brand":[],"product_cat":[2489,2485,2128],"product_tag":[1275],"class_list":{"0":"post-349768","1":"product","2":"type-product","3":"status-publish","4":"has-post-thumbnail","6":"product_cat-muslove-chranice","7":"product_cat-ochrana-sluchu","8":"product_cat-ochranne-pomocky","9":"product_tag-3m","10":"pa_velkost-uni","12":"first","13":"instock","14":"taxable","15":"shipping-taxable","16":"purchasable","17":"product-type-variable"},"acf":[],"_links":{"self":[{"href":"https:\/\/gajos.sk\/eshop\/wp-json\/wp\/v2\/product\/349768","targetHints":{"allow":["GET"]}}],"collection":[{"href":"https:\/\/gajos.sk\/eshop\/wp-json\/wp\/v2\/product"}],"about":[{"href":"https:\/\/gajos.sk\/eshop\/wp-json\/wp\/v2\/types\/product"}],"wp:featuredmedia":[{"embeddable":true,"href":"https:\/\/gajos.sk\/eshop\/wp-json\/wp\/v2\/media\/349770"}],"wp:attachment":[{"href":"https:\/\/gajos.sk\/eshop\/wp-json\/wp\/v2\/media?parent=349768"}],"wp:term":[{"taxonomy":"product_brand","embeddable":true,"href":"https:\/\/gajos.sk\/eshop\/wp-json\/wp\/v2\/product_brand?post=349768"},{"taxonomy":"product_cat","embeddable":true,"href":"https:\/\/gajos.sk\/eshop\/wp-json\/wp\/v2\/product_cat?post=349768"},{"taxonomy":"product_tag","embeddable":true,"href":"https:\/\/gajos.sk\/eshop\/wp-json\/wp\/v2\/product_tag?post=349768"}],"curies":[{"name":"wp","href":"https:\/\/api.w.org\/{rel}","templated":true}]}}