{"id":349759,"date":"2024-03-01T22:31:34","date_gmt":"2024-03-01T21:31:34","guid":{"rendered":"https:\/\/gajostest.a2hosted.com\/eshop\/3m-peltor-sluch-x3a-rd\/"},"modified":"2026-04-11T17:51:39","modified_gmt":"2026-04-11T15:51:39","slug":"3m-peltor-sluch-x3a-rd","status":"publish","type":"product","link":"https:\/\/gajos.sk\/eshop\/p\/3m-peltor-sluch-x3a-rd\/","title":{"rendered":"3M PELTOR &#8211; sluch. X3A-RD"},"content":{"rendered":"","protected":false},"excerpt":{"rendered":"<p>\u013dahk\u00e1 kon\u0161trukcia. Kompatibiln\u00e9 s prostriedkami na ochranu zraku a fi ltra\u010dn\u00fdmi polomaskami 3M. Vn\u00fatorn\u00e1 dvojit\u00e1 dr\u00f4ten\u00e1 kon\u0161trukcia hlavov\u00e9ho obl\u00faka zabezpe\u010d\u00ed lep\u0161iu rovnov\u00e1hu, jednoduch\u00e9 nastavenie a odolnos\u0165. Hlavov\u00fd obl\u00fak je elektricky izolovan\u00fd (DI-EL). Pre ochranu pred hlukom v lesn\u00edctve, na letisk\u00e1ch, v \u0165a\u017ekom stroj\u00e1renstve at\u010f. Hmotnos\u0165 X3A &#8211; 245 g.<\/p>\n","protected":false},"featured_media":349761,"template":"","meta":{"_acf_changed":false,"inline_featured_image":false},"product_brand":[],"product_cat":[2489,2485,2128],"product_tag":[1275],"class_list":{"0":"post-349759","1":"product","2":"type-product","3":"status-publish","4":"has-post-thumbnail","6":"product_cat-muslove-chranice","7":"product_cat-ochrana-sluchu","8":"product_cat-ochranne-pomocky","9":"product_tag-3m","10":"pa_velkost-uni","12":"first","13":"instock","14":"taxable","15":"shipping-taxable","16":"product-type-variable"},"acf":[],"_links":{"self":[{"href":"https:\/\/gajos.sk\/eshop\/wp-json\/wp\/v2\/product\/349759","targetHints":{"allow":["GET"]}}],"collection":[{"href":"https:\/\/gajos.sk\/eshop\/wp-json\/wp\/v2\/product"}],"about":[{"href":"https:\/\/gajos.sk\/eshop\/wp-json\/wp\/v2\/types\/product"}],"wp:featuredmedia":[{"embeddable":true,"href":"https:\/\/gajos.sk\/eshop\/wp-json\/wp\/v2\/media\/349761"}],"wp:attachment":[{"href":"https:\/\/gajos.sk\/eshop\/wp-json\/wp\/v2\/media?parent=349759"}],"wp:term":[{"taxonomy":"product_brand","embeddable":true,"href":"https:\/\/gajos.sk\/eshop\/wp-json\/wp\/v2\/product_brand?post=349759"},{"taxonomy":"product_cat","embeddable":true,"href":"https:\/\/gajos.sk\/eshop\/wp-json\/wp\/v2\/product_cat?post=349759"},{"taxonomy":"product_tag","embeddable":true,"href":"https:\/\/gajos.sk\/eshop\/wp-json\/wp\/v2\/product_tag?post=349759"}],"curies":[{"name":"wp","href":"https:\/\/api.w.org\/{rel}","templated":true}]}}