{"id":349702,"date":"2024-03-01T22:29:55","date_gmt":"2024-03-01T21:29:55","guid":{"rendered":"https:\/\/gajostest.a2hosted.com\/eshop\/peltor-sluch-mt16h210f-478-gn-sport\/"},"modified":"2026-04-19T07:10:45","modified_gmt":"2026-04-19T05:10:45","slug":"peltor-sluch-mt16h210f-478-gn-sport","status":"publish","type":"product","link":"https:\/\/gajos.sk\/eshop\/p\/peltor-sluch-mt16h210f-478-gn-sport\/","title":{"rendered":"PELTOR &#8211; sluch. MT16H210F-478-GN  Sport"},"content":{"rendered":"","protected":false},"excerpt":{"rendered":"<p>Mu\u0161\u013eov\u00fd zelen\u00fd chr\u00e1ni\u010d sluchu, s ve\u013emi ploch\u00fdmi mu\u0161\u013eami, skladac\u00edm obl\u00fakom, elektronikou tlmiacou hluk a zosil\u0148uj\u00facou hovoren\u00fa re\u010d pod\u013ea potreby a s mo\u017enos\u0165ou pripojenia na komunika\u010dn\u00e9 syst\u00e9my, vhodn\u00fd pre strelcov.<\/p>\n","protected":false},"featured_media":349704,"template":"","meta":{"_acf_changed":false,"inline_featured_image":false},"product_brand":[],"product_cat":[2489,2485,2128],"product_tag":[1275],"class_list":{"0":"post-349702","1":"product","2":"type-product","3":"status-publish","4":"has-post-thumbnail","6":"product_cat-muslove-chranice","7":"product_cat-ochrana-sluchu","8":"product_cat-ochranne-pomocky","9":"product_tag-3m","10":"pa_velkost-uni","12":"first","13":"instock","14":"taxable","15":"shipping-taxable","16":"purchasable","17":"product-type-variable"},"acf":[],"_links":{"self":[{"href":"https:\/\/gajos.sk\/eshop\/wp-json\/wp\/v2\/product\/349702","targetHints":{"allow":["GET"]}}],"collection":[{"href":"https:\/\/gajos.sk\/eshop\/wp-json\/wp\/v2\/product"}],"about":[{"href":"https:\/\/gajos.sk\/eshop\/wp-json\/wp\/v2\/types\/product"}],"wp:featuredmedia":[{"embeddable":true,"href":"https:\/\/gajos.sk\/eshop\/wp-json\/wp\/v2\/media\/349704"}],"wp:attachment":[{"href":"https:\/\/gajos.sk\/eshop\/wp-json\/wp\/v2\/media?parent=349702"}],"wp:term":[{"taxonomy":"product_brand","embeddable":true,"href":"https:\/\/gajos.sk\/eshop\/wp-json\/wp\/v2\/product_brand?post=349702"},{"taxonomy":"product_cat","embeddable":true,"href":"https:\/\/gajos.sk\/eshop\/wp-json\/wp\/v2\/product_cat?post=349702"},{"taxonomy":"product_tag","embeddable":true,"href":"https:\/\/gajos.sk\/eshop\/wp-json\/wp\/v2\/product_tag?post=349702"}],"curies":[{"name":"wp","href":"https:\/\/api.w.org\/{rel}","templated":true}]}}